{"id":752,"date":"2015-12-16T14:48:31","date_gmt":"2015-12-16T13:48:31","guid":{"rendered":"http:\/\/www.ecoline3.nl\/de\/industriele-verlichting\/"},"modified":"2016-04-07T17:11:17","modified_gmt":"2016-04-07T15:11:17","slug":"industriele-verlichting","status":"publish","type":"page","link":"https:\/\/www.ecoline3.nl\/de\/industriele-verlichting\/","title":{"rendered":"Industrie Beleuchtung"},"content":{"rendered":"<p class=\"font_8\">Eco-Line-Projektbeleuchtung liefert Lichtl\u00f6sungen f\u00fcr Logistik und Industrie. Ein Industrieunternehmen umfasst unterschiedliche Lichtzonen. Ihre Produktions- und Lagerhallen, B\u00fcros, Empfangsr\u00e4ume, Flure und Au\u00dfenr\u00e4ume &#8230; und f\u00fcr alle diese Bereiche ist Eco-line die ideale energieeffiziente Beleuchtungsl\u00f6sung.<\/p>\n<p class=\"font_8\">Durch unsere Entwicklung von Beleuchtungsanlagen f\u00fcr den landwirtschaftlichen Sektor, k\u00f6nnen wir eine lichtoplosing mit Sicherheit f\u00fcr hohe Energieeinsparung und extrem lange Lebensdauer bieten. F\u00fcr ein Beleuchtungssystem ohne Sorgen ist Eco-Line an der richtigen Stelle. F\u00fcr den Industriesektor, Eco-Line hat zwar zwei L\u00f6sungen, n\u00e4mlich Induktion und LED-Beleuchtung. Rechtlich gesehen, f\u00fcr Bereiche, in denen die Arbeitnehmer besteht, st\u00e4ndig eine Mindestlichtst\u00e4rke von 200Lux und f\u00fcr Bereiche, in denen die Arbeitnehmer sehr wenig Zeit, die Teilnahme an 20lux. F\u00fcr industrielle Aktivit\u00e4ten wie feinmechanische Arbeiten ist eine Mindestbeleuchtungsst\u00e4rke von 300 Lux vorgeschrieben. F\u00fcr B\u00fcroarbeitspl\u00e4tze eine Lichtst\u00e4rke von 500 Lux ben\u00f6tigt, mit der Einschr\u00e4nkung, dass das Display zu schonen. Unsere Lichtquellen sind auf einer Vielzahl von Umgebungen. Hier ist eine Liste von Gebieten mit entsprechenden Lichtverh\u00e4ltnissen. Die Farbtemperatur der Lichtquellen sind vielf\u00e4ltig, 2700-3000K, 4000-4500K, 5000-6000K und 6000-7000K.<\/p>\n<p class=\"font_8\">F\u00fcr Induktion Beleuchtung erzielen kann Wenn der \u00d6ko-Leitungstakt Befestigungen 200W zum Beispiel etwa 7 Meter voneinander entfernt dann die Lichtst\u00e4rke bei 7mtr aufgeh\u00e4ngt werden. H\u00f6he noch 350lx Durchschnitt. Bei 300W +\/- 500 Lux. Die Farbwiedergabe CRI 85&gt;.<\/p>\n<p class=\"font_8\">Bitte kontaktieren Sie uns f\u00fcr eine umfassende und ma\u00dfgeschneiderte Beratung f\u00fcr Ihre Situation leicht, mit dem Ziel, Wohlfahrt f\u00fcr die Sicherstellung des Personals, der Energieeinsparung und Nachhaltigkeit. Mit Eco-Line-Adapter kann zu 65% der Energiekosten einsparen.<\/p>\n","protected":false},"excerpt":{"rendered":"<p>Eco-Line-Projektbeleuchtung liefert Lichtl\u00f6sungen f\u00fcr Logistik und Industrie. Ein Industrieunternehmen umfasst unterschiedliche Lichtzonen. Ihre Produktions- und Lagerhallen, B\u00fcros, Empfangsr\u00e4ume, Flure und Au\u00dfenr\u00e4ume &#8230; und f\u00fcr alle diese Bereiche ist Eco-line die ideale energieeffiziente Beleuchtungsl\u00f6sung. Durch unsere Entwicklung von Beleuchtungsanlagen f\u00fcr den landwirtschaftlichen Sektor, k\u00f6nnen wir eine lichtoplosing mit Sicherheit f\u00fcr hohe Energieeinsparung und extrem lange Lebensdauer [&hellip;]<\/p>\n","protected":false},"author":1,"featured_media":189,"parent":0,"menu_order":0,"comment_status":"closed","ping_status":"closed","template":"page-templates\/gallerybottomcols.php","meta":[],"yoast_head":"<!-- This site is optimized with the Yoast SEO plugin v18.4.1 - https:\/\/yoast.com\/wordpress\/plugins\/seo\/ -->\n<title>Industrie Beleuchtung &ndash; Eco-line3<\/title>\n<meta name=\"robots\" content=\"index, follow, max-snippet:-1, max-image-preview:large, max-video-preview:-1\" \/>\n<link rel=\"canonical\" href=\"https:\/\/www.ecoline3.nl\/de\/industriele-verlichting\/\" \/>\n<meta property=\"og:locale\" content=\"de_DE\" \/>\n<meta property=\"og:type\" content=\"article\" \/>\n<meta property=\"og:title\" content=\"Industrie Beleuchtung &ndash; Eco-line3\" \/>\n<meta property=\"og:description\" content=\"Eco-Line-Projektbeleuchtung liefert Lichtl\u00f6sungen f\u00fcr Logistik und Industrie. Ein Industrieunternehmen umfasst unterschiedliche Lichtzonen. Ihre Produktions- und Lagerhallen, B\u00fcros, Empfangsr\u00e4ume, Flure und Au\u00dfenr\u00e4ume &#8230; und f\u00fcr alle diese Bereiche ist Eco-line die ideale energieeffiziente Beleuchtungsl\u00f6sung. Durch unsere Entwicklung von Beleuchtungsanlagen f\u00fcr den landwirtschaftlichen Sektor, k\u00f6nnen wir eine lichtoplosing mit Sicherheit f\u00fcr hohe Energieeinsparung und extrem lange Lebensdauer [&hellip;]\" \/>\n<meta property=\"og:url\" content=\"https:\/\/www.ecoline3.nl\/de\/industriele-verlichting\/\" \/>\n<meta property=\"og:site_name\" content=\"Eco-line3\" \/>\n<meta property=\"article:modified_time\" content=\"2016-04-07T15:11:17+00:00\" \/>\n<meta property=\"og:image\" content=\"https:\/\/www.ecoline3.nl\/wp-content\/uploads\/2015\/12\/header-indust.jpg\" \/>\n\t<meta property=\"og:image:width\" content=\"1366\" \/>\n\t<meta property=\"og:image:height\" content=\"318\" \/>\n\t<meta property=\"og:image:type\" content=\"image\/jpeg\" \/>\n<meta name=\"twitter:card\" content=\"summary\" \/>\n<meta name=\"twitter:label1\" content=\"Est. reading time\" \/>\n\t<meta name=\"twitter:data1\" content=\"1 minute\" \/>\n<script type=\"application\/ld+json\" class=\"yoast-schema-graph\">{\"@context\":\"https:\/\/schema.org\",\"@graph\":[{\"@type\":\"Organization\",\"@id\":\"https:\/\/www.ecoline3.nl\/#organization\",\"name\":\"van Lith Licht & Lucht BV\",\"url\":\"https:\/\/www.ecoline3.nl\/\",\"sameAs\":[],\"logo\":{\"@type\":\"ImageObject\",\"@id\":\"https:\/\/www.ecoline3.nl\/#logo\",\"inLanguage\":\"de-DE\",\"url\":\"https:\/\/www.ecoline3.nl\/wp-content\/uploads\/2016\/06\/logo-Ecoline.jpg\",\"contentUrl\":\"https:\/\/www.ecoline3.nl\/wp-content\/uploads\/2016\/06\/logo-Ecoline.jpg\",\"width\":295,\"height\":149,\"caption\":\"van Lith Licht & Lucht BV\"},\"image\":{\"@id\":\"https:\/\/www.ecoline3.nl\/#logo\"}},{\"@type\":\"WebSite\",\"@id\":\"https:\/\/www.ecoline3.nl\/#website\",\"url\":\"https:\/\/www.ecoline3.nl\/\",\"name\":\"Eco-line3\",\"description\":\"Energiezuinige LED verlichting voor industrie en agrarische sector\",\"publisher\":{\"@id\":\"https:\/\/www.ecoline3.nl\/#organization\"},\"potentialAction\":[{\"@type\":\"SearchAction\",\"target\":{\"@type\":\"EntryPoint\",\"urlTemplate\":\"https:\/\/www.ecoline3.nl\/?s={search_term_string}\"},\"query-input\":\"required name=search_term_string\"}],\"inLanguage\":\"de-DE\"},{\"@type\":\"ImageObject\",\"@id\":\"https:\/\/www.ecoline3.nl\/de\/industriele-verlichting\/#primaryimage\",\"inLanguage\":\"de-DE\",\"url\":\"https:\/\/www.ecoline3.nl\/wp-content\/uploads\/2015\/12\/header-indust.jpg\",\"contentUrl\":\"https:\/\/www.ecoline3.nl\/wp-content\/uploads\/2015\/12\/header-indust.jpg\",\"width\":1366,\"height\":318,\"caption\":\"Eco-line3 LED en inductie verlichting\"},{\"@type\":\"WebPage\",\"@id\":\"https:\/\/www.ecoline3.nl\/de\/industriele-verlichting\/#webpage\",\"url\":\"https:\/\/www.ecoline3.nl\/de\/industriele-verlichting\/\",\"name\":\"Industrie Beleuchtung &ndash; Eco-line3\",\"isPartOf\":{\"@id\":\"https:\/\/www.ecoline3.nl\/#website\"},\"primaryImageOfPage\":{\"@id\":\"https:\/\/www.ecoline3.nl\/de\/industriele-verlichting\/#primaryimage\"},\"datePublished\":\"2015-12-16T13:48:31+00:00\",\"dateModified\":\"2016-04-07T15:11:17+00:00\",\"breadcrumb\":{\"@id\":\"https:\/\/www.ecoline3.nl\/de\/industriele-verlichting\/#breadcrumb\"},\"inLanguage\":\"de-DE\",\"potentialAction\":[{\"@type\":\"ReadAction\",\"target\":[\"https:\/\/www.ecoline3.nl\/de\/industriele-verlichting\/\"]}]},{\"@type\":\"BreadcrumbList\",\"@id\":\"https:\/\/www.ecoline3.nl\/de\/industriele-verlichting\/#breadcrumb\",\"itemListElement\":[{\"@type\":\"ListItem\",\"position\":1,\"name\":\"Home\",\"item\":\"https:\/\/www.ecoline3.nl\/de\/\"},{\"@type\":\"ListItem\",\"position\":2,\"name\":\"Industrie Beleuchtung\"}]}]}<\/script>\n<!-- \/ Yoast SEO plugin. -->","yoast_head_json":{"title":"Industrie Beleuchtung &ndash; Eco-line3","robots":{"index":"index","follow":"follow","max-snippet":"max-snippet:-1","max-image-preview":"max-image-preview:large","max-video-preview":"max-video-preview:-1"},"canonical":"https:\/\/www.ecoline3.nl\/de\/industriele-verlichting\/","og_locale":"de_DE","og_type":"article","og_title":"Industrie Beleuchtung &ndash; Eco-line3","og_description":"Eco-Line-Projektbeleuchtung liefert Lichtl\u00f6sungen f\u00fcr Logistik und Industrie. Ein Industrieunternehmen umfasst unterschiedliche Lichtzonen. Ihre Produktions- und Lagerhallen, B\u00fcros, Empfangsr\u00e4ume, Flure und Au\u00dfenr\u00e4ume &#8230; und f\u00fcr alle diese Bereiche ist Eco-line die ideale energieeffiziente Beleuchtungsl\u00f6sung. Durch unsere Entwicklung von Beleuchtungsanlagen f\u00fcr den landwirtschaftlichen Sektor, k\u00f6nnen wir eine lichtoplosing mit Sicherheit f\u00fcr hohe Energieeinsparung und extrem lange Lebensdauer [&hellip;]","og_url":"https:\/\/www.ecoline3.nl\/de\/industriele-verlichting\/","og_site_name":"Eco-line3","article_modified_time":"2016-04-07T15:11:17+00:00","og_image":[{"width":1366,"height":318,"url":"https:\/\/www.ecoline3.nl\/wp-content\/uploads\/2015\/12\/header-indust.jpg","type":"image\/jpeg"}],"twitter_card":"summary","twitter_misc":{"Est. reading time":"1 minute"},"schema":{"@context":"https:\/\/schema.org","@graph":[{"@type":"Organization","@id":"https:\/\/www.ecoline3.nl\/#organization","name":"van Lith Licht & Lucht BV","url":"https:\/\/www.ecoline3.nl\/","sameAs":[],"logo":{"@type":"ImageObject","@id":"https:\/\/www.ecoline3.nl\/#logo","inLanguage":"de-DE","url":"https:\/\/www.ecoline3.nl\/wp-content\/uploads\/2016\/06\/logo-Ecoline.jpg","contentUrl":"https:\/\/www.ecoline3.nl\/wp-content\/uploads\/2016\/06\/logo-Ecoline.jpg","width":295,"height":149,"caption":"van Lith Licht & Lucht BV"},"image":{"@id":"https:\/\/www.ecoline3.nl\/#logo"}},{"@type":"WebSite","@id":"https:\/\/www.ecoline3.nl\/#website","url":"https:\/\/www.ecoline3.nl\/","name":"Eco-line3","description":"Energiezuinige LED verlichting voor industrie en agrarische sector","publisher":{"@id":"https:\/\/www.ecoline3.nl\/#organization"},"potentialAction":[{"@type":"SearchAction","target":{"@type":"EntryPoint","urlTemplate":"https:\/\/www.ecoline3.nl\/?s={search_term_string}"},"query-input":"required name=search_term_string"}],"inLanguage":"de-DE"},{"@type":"ImageObject","@id":"https:\/\/www.ecoline3.nl\/de\/industriele-verlichting\/#primaryimage","inLanguage":"de-DE","url":"https:\/\/www.ecoline3.nl\/wp-content\/uploads\/2015\/12\/header-indust.jpg","contentUrl":"https:\/\/www.ecoline3.nl\/wp-content\/uploads\/2015\/12\/header-indust.jpg","width":1366,"height":318,"caption":"Eco-line3 LED en inductie verlichting"},{"@type":"WebPage","@id":"https:\/\/www.ecoline3.nl\/de\/industriele-verlichting\/#webpage","url":"https:\/\/www.ecoline3.nl\/de\/industriele-verlichting\/","name":"Industrie Beleuchtung &ndash; Eco-line3","isPartOf":{"@id":"https:\/\/www.ecoline3.nl\/#website"},"primaryImageOfPage":{"@id":"https:\/\/www.ecoline3.nl\/de\/industriele-verlichting\/#primaryimage"},"datePublished":"2015-12-16T13:48:31+00:00","dateModified":"2016-04-07T15:11:17+00:00","breadcrumb":{"@id":"https:\/\/www.ecoline3.nl\/de\/industriele-verlichting\/#breadcrumb"},"inLanguage":"de-DE","potentialAction":[{"@type":"ReadAction","target":["https:\/\/www.ecoline3.nl\/de\/industriele-verlichting\/"]}]},{"@type":"BreadcrumbList","@id":"https:\/\/www.ecoline3.nl\/de\/industriele-verlichting\/#breadcrumb","itemListElement":[{"@type":"ListItem","position":1,"name":"Home","item":"https:\/\/www.ecoline3.nl\/de\/"},{"@type":"ListItem","position":2,"name":"Industrie Beleuchtung"}]}]}},"_links":{"self":[{"href":"https:\/\/www.ecoline3.nl\/de\/wp-json\/wp\/v2\/pages\/752"}],"collection":[{"href":"https:\/\/www.ecoline3.nl\/de\/wp-json\/wp\/v2\/pages"}],"about":[{"href":"https:\/\/www.ecoline3.nl\/de\/wp-json\/wp\/v2\/types\/page"}],"author":[{"embeddable":true,"href":"https:\/\/www.ecoline3.nl\/de\/wp-json\/wp\/v2\/users\/1"}],"replies":[{"embeddable":true,"href":"https:\/\/www.ecoline3.nl\/de\/wp-json\/wp\/v2\/comments?post=752"}],"version-history":[{"count":2,"href":"https:\/\/www.ecoline3.nl\/de\/wp-json\/wp\/v2\/pages\/752\/revisions"}],"predecessor-version":[{"id":912,"href":"https:\/\/www.ecoline3.nl\/de\/wp-json\/wp\/v2\/pages\/752\/revisions\/912"}],"wp:featuredmedia":[{"embeddable":true,"href":"https:\/\/www.ecoline3.nl\/de\/wp-json\/wp\/v2\/media\/189"}],"wp:attachment":[{"href":"https:\/\/www.ecoline3.nl\/de\/wp-json\/wp\/v2\/media?parent=752"}],"curies":[{"name":"wp","href":"https:\/\/api.w.org\/{rel}","templated":true}]}}