{"id":746,"date":"2015-12-16T14:39:18","date_gmt":"2015-12-16T13:39:18","guid":{"rendered":"http:\/\/www.ecoline3.nl\/de\/87-2\/"},"modified":"2016-03-19T18:26:29","modified_gmt":"2016-03-19T17:26:29","slug":"87-2","status":"publish","type":"page","link":"https:\/\/www.ecoline3.nl\/de\/87-2\/","title":{"rendered":"Induktion"},"content":{"rendered":"<h2 class=\"font_2\"><span class=\"color_13\">Was ist induktionsbeleuchtung?<\/span><\/h2>\n<p class=\"font_8\">Die Basistechnologie f\u00fcr die Induktion Beleuchtung hat bereits im Jahr 1890 von dem Wissenschaftler Nicola Tesla nachgewiesen. Induktions-Beleuchtung ist f\u00fcr die Jahre blieb das am besten geh\u00fctete Geheimnis in der Welt der Beleuchtung. Durch die Freisetzung von verschiedenen Patenten und der Entwicklung dieser Technik ist Induktion Beleuchtung ist jetzt kommerziell sehr interessant. Die j\u00fcngsten Entwicklungen haben die (Produktions-) Kosten gesenkt und einige zus\u00e4tzliche Anwendungen m\u00f6glich.<\/p>\n<p class=\"font_8\">Induktionslampen sind \u00e4hnlich wie Leuchtstofflampen, auch die Induktionslampen enthalten Gase, die einmal &#8220;Feuer&#8221;, um mit dem Phosphor in der Glas-Abdeckung zu reagieren und dadurch wei\u00dfes Licht zu erzeugen. Bei der Induktion Beleuchtung Gebraucht mann Spulen, die ein Magnetfeld erzeugt werden. Die Beleuchtung der Licht wird mittels der magnetischen Induktion (\u00dcbertragung von Energie mit Hilfe eines Magnetfeldes) durchgef\u00fchrt. Schnellen Verschlei\u00df der Elektroden oder Filamenten ist daher nicht erforderlich. Dies bewirkt, dass Induktion Beleuchtung l\u00e4nger als 100.000 stunden lebensdauer liefert.<\/p>\n<p class=\"font_8\">Eigenschaften der Induktionsbeleuchtung: Lange Lebensdauer:<\/p>\n<ul>\n<li class=\"font_8\">Lebensdauer 100.000 Stunden<\/li>\n<li class=\"font_8\">Hohe Lichteffizienz 80-100 lm \/ W<\/li>\n<li class=\"font_8\">Effektive Lichtausbeute von 130 bis 150 lm \/ W<\/li>\n<li class=\"font_8\">Hohe Farbwiedergabe: RA&gt; 80<\/li>\n<li class=\"font_8\">Leistungsfaktor PF&gt; 0,98<\/li>\n<li class=\"font_8\">Verschiedene Lichtfarben: 2700,4000,6500 Kelvin<\/li>\n<li class=\"font_8\">Sofortstart und Neustart<\/li>\n<li class=\"font_8\">Konstante Ausgangsleistung: Auch mit variabler Eingangsleistung<\/li>\n<li class=\"font_8\">5 Jahre Garantie<\/li>\n<li class=\"font_8\">Genehmigt EMC EG TUV<\/li>\n<\/ul>\n<p class=\"font_8\"><img loading=\"lazy\" class=\"alignnone wp-image-91 size-full\" src=\"http:\/\/www.ecoline3.nl\/wp-content\/uploads\/2015\/12\/tekening-inductie.jpg\" alt=\"tekening-inductie\" width=\"532\" height=\"257\" srcset=\"https:\/\/www.ecoline3.nl\/wp-content\/uploads\/2015\/12\/tekening-inductie.jpg 532w, https:\/\/www.ecoline3.nl\/wp-content\/uploads\/2015\/12\/tekening-inductie-300x145.jpg 300w\" sizes=\"(max-width: 532px) 100vw, 532px\" \/><\/p>\n<p class=\"font_8\"><strong>Anwendungen<br \/>\n<\/strong>Induktions- Beleuchtung kann in fast jeder Umgebung auch im Tiefk\u00fchlr\u00e4umen eingesetzt werden. Induktionslampen geben ein sehr hohen Lumen (Helligkeit) pro Watt Ausgang 100Lumen. Die Helligkeit , die das menschliche Auge wahrnimmt, effektiver als die Induktionslichtquellekommt 150PLm pro Watt ( Pupil Lumen).<\/p>\n<p class=\"font_8\">Eine Leuchtstofflichtquelle95PLm , 19PLm Gl\u00fchlampen, Halogenlampen und Halogen-Metalldampf 126PLm 29PLm .<\/p>\n<p class=\"font_8\">Mit dem Wissen , dass die Induktionslichtquelle bei weitem die l\u00e4ngste Lebensdauer hat, ist es eine Lichtquelle, die sehr interessanter wahl ist in:<\/p>\n<ul>\n<li class=\"font_8\">Lagerhallen (von 4mtr . H\u00f6he)<\/li>\n<li class=\"font_8\">Werks Spaces<\/li>\n<li class=\"font_8\">Gesch\u00e4fte (einschlie\u00dflich Hardware-Shops , Showrooms, Messehallen)<\/li>\n<li class=\"font_8\">Tiere Aufenthalt (einschlie\u00dflich Vieh, Gefl\u00fcgel, Schweine, Ziegen, St\u00e4lle)<\/li>\n<li class=\"font_8\">Gew\u00e4chsh\u00e4user (Pflanzen , Obst und Gem\u00fcse)<\/li>\n<\/ul>\n","protected":false},"excerpt":{"rendered":"<p>Was ist induktionsbeleuchtung? Die Basistechnologie f\u00fcr die Induktion Beleuchtung hat bereits im Jahr 1890 von dem Wissenschaftler Nicola Tesla nachgewiesen. Induktions-Beleuchtung ist f\u00fcr die Jahre blieb das am besten geh\u00fctete Geheimnis in der Welt der Beleuchtung. Durch die Freisetzung von verschiedenen Patenten und der Entwicklung dieser Technik ist Induktion Beleuchtung ist jetzt kommerziell sehr interessant. [&hellip;]<\/p>\n","protected":false},"author":1,"featured_media":0,"parent":0,"menu_order":0,"comment_status":"closed","ping_status":"closed","template":"","meta":[],"yoast_head":"<!-- This site is optimized with the Yoast SEO plugin v18.4.1 - https:\/\/yoast.com\/wordpress\/plugins\/seo\/ -->\n<title>Induktion &ndash; Eco-line3<\/title>\n<meta name=\"robots\" content=\"index, follow, max-snippet:-1, max-image-preview:large, max-video-preview:-1\" \/>\n<link rel=\"canonical\" href=\"https:\/\/www.ecoline3.nl\/de\/87-2\/\" \/>\n<meta property=\"og:locale\" content=\"de_DE\" \/>\n<meta property=\"og:type\" content=\"article\" \/>\n<meta property=\"og:title\" content=\"Induktion &ndash; Eco-line3\" \/>\n<meta property=\"og:description\" content=\"Was ist induktionsbeleuchtung? Die Basistechnologie f\u00fcr die Induktion Beleuchtung hat bereits im Jahr 1890 von dem Wissenschaftler Nicola Tesla nachgewiesen. Induktions-Beleuchtung ist f\u00fcr die Jahre blieb das am besten geh\u00fctete Geheimnis in der Welt der Beleuchtung. Durch die Freisetzung von verschiedenen Patenten und der Entwicklung dieser Technik ist Induktion Beleuchtung ist jetzt kommerziell sehr interessant. [&hellip;]\" \/>\n<meta property=\"og:url\" content=\"https:\/\/www.ecoline3.nl\/de\/87-2\/\" \/>\n<meta property=\"og:site_name\" content=\"Eco-line3\" \/>\n<meta property=\"article:modified_time\" content=\"2016-03-19T17:26:29+00:00\" \/>\n<meta property=\"og:image\" content=\"http:\/\/www.ecoline3.nl\/wp-content\/uploads\/2015\/12\/tekening-inductie.jpg\" \/>\n<meta name=\"twitter:card\" content=\"summary\" \/>\n<meta name=\"twitter:label1\" content=\"Est. reading time\" \/>\n\t<meta name=\"twitter:data1\" content=\"2 minutes\" \/>\n<script type=\"application\/ld+json\" class=\"yoast-schema-graph\">{\"@context\":\"https:\/\/schema.org\",\"@graph\":[{\"@type\":\"Organization\",\"@id\":\"https:\/\/www.ecoline3.nl\/#organization\",\"name\":\"van Lith Licht & Lucht BV\",\"url\":\"https:\/\/www.ecoline3.nl\/\",\"sameAs\":[],\"logo\":{\"@type\":\"ImageObject\",\"@id\":\"https:\/\/www.ecoline3.nl\/#logo\",\"inLanguage\":\"de-DE\",\"url\":\"https:\/\/www.ecoline3.nl\/wp-content\/uploads\/2016\/06\/logo-Ecoline.jpg\",\"contentUrl\":\"https:\/\/www.ecoline3.nl\/wp-content\/uploads\/2016\/06\/logo-Ecoline.jpg\",\"width\":295,\"height\":149,\"caption\":\"van Lith Licht & Lucht BV\"},\"image\":{\"@id\":\"https:\/\/www.ecoline3.nl\/#logo\"}},{\"@type\":\"WebSite\",\"@id\":\"https:\/\/www.ecoline3.nl\/#website\",\"url\":\"https:\/\/www.ecoline3.nl\/\",\"name\":\"Eco-line3\",\"description\":\"Energiezuinige LED verlichting voor industrie en agrarische sector\",\"publisher\":{\"@id\":\"https:\/\/www.ecoline3.nl\/#organization\"},\"potentialAction\":[{\"@type\":\"SearchAction\",\"target\":{\"@type\":\"EntryPoint\",\"urlTemplate\":\"https:\/\/www.ecoline3.nl\/?s={search_term_string}\"},\"query-input\":\"required name=search_term_string\"}],\"inLanguage\":\"de-DE\"},{\"@type\":\"ImageObject\",\"@id\":\"https:\/\/www.ecoline3.nl\/de\/87-2\/#primaryimage\",\"inLanguage\":\"de-DE\",\"url\":\"http:\/\/www.ecoline3.nl\/wp-content\/uploads\/2015\/12\/tekening-inductie.jpg\",\"contentUrl\":\"http:\/\/www.ecoline3.nl\/wp-content\/uploads\/2015\/12\/tekening-inductie.jpg\"},{\"@type\":\"WebPage\",\"@id\":\"https:\/\/www.ecoline3.nl\/de\/87-2\/#webpage\",\"url\":\"https:\/\/www.ecoline3.nl\/de\/87-2\/\",\"name\":\"Induktion &ndash; Eco-line3\",\"isPartOf\":{\"@id\":\"https:\/\/www.ecoline3.nl\/#website\"},\"primaryImageOfPage\":{\"@id\":\"https:\/\/www.ecoline3.nl\/de\/87-2\/#primaryimage\"},\"datePublished\":\"2015-12-16T13:39:18+00:00\",\"dateModified\":\"2016-03-19T17:26:29+00:00\",\"breadcrumb\":{\"@id\":\"https:\/\/www.ecoline3.nl\/de\/87-2\/#breadcrumb\"},\"inLanguage\":\"de-DE\",\"potentialAction\":[{\"@type\":\"ReadAction\",\"target\":[\"https:\/\/www.ecoline3.nl\/de\/87-2\/\"]}]},{\"@type\":\"BreadcrumbList\",\"@id\":\"https:\/\/www.ecoline3.nl\/de\/87-2\/#breadcrumb\",\"itemListElement\":[{\"@type\":\"ListItem\",\"position\":1,\"name\":\"Home\",\"item\":\"https:\/\/www.ecoline3.nl\/de\/\"},{\"@type\":\"ListItem\",\"position\":2,\"name\":\"Induktion\"}]}]}<\/script>\n<!-- \/ Yoast SEO plugin. -->","yoast_head_json":{"title":"Induktion &ndash; Eco-line3","robots":{"index":"index","follow":"follow","max-snippet":"max-snippet:-1","max-image-preview":"max-image-preview:large","max-video-preview":"max-video-preview:-1"},"canonical":"https:\/\/www.ecoline3.nl\/de\/87-2\/","og_locale":"de_DE","og_type":"article","og_title":"Induktion &ndash; Eco-line3","og_description":"Was ist induktionsbeleuchtung? Die Basistechnologie f\u00fcr die Induktion Beleuchtung hat bereits im Jahr 1890 von dem Wissenschaftler Nicola Tesla nachgewiesen. Induktions-Beleuchtung ist f\u00fcr die Jahre blieb das am besten geh\u00fctete Geheimnis in der Welt der Beleuchtung. Durch die Freisetzung von verschiedenen Patenten und der Entwicklung dieser Technik ist Induktion Beleuchtung ist jetzt kommerziell sehr interessant. [&hellip;]","og_url":"https:\/\/www.ecoline3.nl\/de\/87-2\/","og_site_name":"Eco-line3","article_modified_time":"2016-03-19T17:26:29+00:00","og_image":[{"url":"http:\/\/www.ecoline3.nl\/wp-content\/uploads\/2015\/12\/tekening-inductie.jpg"}],"twitter_card":"summary","twitter_misc":{"Est. reading time":"2 minutes"},"schema":{"@context":"https:\/\/schema.org","@graph":[{"@type":"Organization","@id":"https:\/\/www.ecoline3.nl\/#organization","name":"van Lith Licht & Lucht BV","url":"https:\/\/www.ecoline3.nl\/","sameAs":[],"logo":{"@type":"ImageObject","@id":"https:\/\/www.ecoline3.nl\/#logo","inLanguage":"de-DE","url":"https:\/\/www.ecoline3.nl\/wp-content\/uploads\/2016\/06\/logo-Ecoline.jpg","contentUrl":"https:\/\/www.ecoline3.nl\/wp-content\/uploads\/2016\/06\/logo-Ecoline.jpg","width":295,"height":149,"caption":"van Lith Licht & Lucht BV"},"image":{"@id":"https:\/\/www.ecoline3.nl\/#logo"}},{"@type":"WebSite","@id":"https:\/\/www.ecoline3.nl\/#website","url":"https:\/\/www.ecoline3.nl\/","name":"Eco-line3","description":"Energiezuinige LED verlichting voor industrie en agrarische sector","publisher":{"@id":"https:\/\/www.ecoline3.nl\/#organization"},"potentialAction":[{"@type":"SearchAction","target":{"@type":"EntryPoint","urlTemplate":"https:\/\/www.ecoline3.nl\/?s={search_term_string}"},"query-input":"required name=search_term_string"}],"inLanguage":"de-DE"},{"@type":"ImageObject","@id":"https:\/\/www.ecoline3.nl\/de\/87-2\/#primaryimage","inLanguage":"de-DE","url":"http:\/\/www.ecoline3.nl\/wp-content\/uploads\/2015\/12\/tekening-inductie.jpg","contentUrl":"http:\/\/www.ecoline3.nl\/wp-content\/uploads\/2015\/12\/tekening-inductie.jpg"},{"@type":"WebPage","@id":"https:\/\/www.ecoline3.nl\/de\/87-2\/#webpage","url":"https:\/\/www.ecoline3.nl\/de\/87-2\/","name":"Induktion &ndash; Eco-line3","isPartOf":{"@id":"https:\/\/www.ecoline3.nl\/#website"},"primaryImageOfPage":{"@id":"https:\/\/www.ecoline3.nl\/de\/87-2\/#primaryimage"},"datePublished":"2015-12-16T13:39:18+00:00","dateModified":"2016-03-19T17:26:29+00:00","breadcrumb":{"@id":"https:\/\/www.ecoline3.nl\/de\/87-2\/#breadcrumb"},"inLanguage":"de-DE","potentialAction":[{"@type":"ReadAction","target":["https:\/\/www.ecoline3.nl\/de\/87-2\/"]}]},{"@type":"BreadcrumbList","@id":"https:\/\/www.ecoline3.nl\/de\/87-2\/#breadcrumb","itemListElement":[{"@type":"ListItem","position":1,"name":"Home","item":"https:\/\/www.ecoline3.nl\/de\/"},{"@type":"ListItem","position":2,"name":"Induktion"}]}]}},"_links":{"self":[{"href":"https:\/\/www.ecoline3.nl\/de\/wp-json\/wp\/v2\/pages\/746"}],"collection":[{"href":"https:\/\/www.ecoline3.nl\/de\/wp-json\/wp\/v2\/pages"}],"about":[{"href":"https:\/\/www.ecoline3.nl\/de\/wp-json\/wp\/v2\/types\/page"}],"author":[{"embeddable":true,"href":"https:\/\/www.ecoline3.nl\/de\/wp-json\/wp\/v2\/users\/1"}],"replies":[{"embeddable":true,"href":"https:\/\/www.ecoline3.nl\/de\/wp-json\/wp\/v2\/comments?post=746"}],"version-history":[{"count":4,"href":"https:\/\/www.ecoline3.nl\/de\/wp-json\/wp\/v2\/pages\/746\/revisions"}],"predecessor-version":[{"id":750,"href":"https:\/\/www.ecoline3.nl\/de\/wp-json\/wp\/v2\/pages\/746\/revisions\/750"}],"wp:attachment":[{"href":"https:\/\/www.ecoline3.nl\/de\/wp-json\/wp\/v2\/media?parent=746"}],"curies":[{"name":"wp","href":"https:\/\/api.w.org\/{rel}","templated":true}]}}