{"id":732,"date":"2016-03-19T18:02:07","date_gmt":"2016-03-19T17:02:07","guid":{"rendered":"http:\/\/www.ecoline3.nl\/?page_id=732"},"modified":"2016-04-07T17:20:07","modified_gmt":"2016-04-07T15:20:07","slug":"dealers","status":"publish","type":"page","link":"https:\/\/www.ecoline3.nl\/de\/dealers\/","title":{"rendered":"H\u00e4ndler"},"content":{"rendered":"<div id=\"i4b7owsa\" class=\"s5\" data-reactid=\".0.$SITE_ROOT.$desktop_siteRoot.$PAGES_CONTAINER.1.1.$SITE_PAGES.$c1fbi.1.$i4b7owsa\">\n<h2 class=\"font_2\">H\u00e4ndler Adressen<\/h2>\n<div id=\"PAGES_CONTAINERinlineContent\" class=\"s1inlineContent\" data-reactid=\".0.$SITE_ROOT.$desktop_siteRoot.$PAGES_CONTAINER.1.1\">\n<div id=\"SITE_PAGES\" class=\"s2\" data-reactid=\".0.$SITE_ROOT.$desktop_siteRoot.$PAGES_CONTAINER.1.1.$SITE_PAGES\">\n<div id=\"c1fbi\" class=\"s7\" data-reactid=\".0.$SITE_ROOT.$desktop_siteRoot.$PAGES_CONTAINER.1.1.$SITE_PAGES.$c1fbi\">\n<div id=\"c1fbiinlineContent\" class=\"s7inlineContent\" data-reactid=\".0.$SITE_ROOT.$desktop_siteRoot.$PAGES_CONTAINER.1.1.$SITE_PAGES.$c1fbi.1\">\n<div id=\"i4b7ows9\" class=\"s5\" data-reactid=\".0.$SITE_ROOT.$desktop_siteRoot.$PAGES_CONTAINER.1.1.$SITE_PAGES.$c1fbi.1.$i4b7ows9\">\n<hr \/>\n<p class=\"font_2\"><strong>H\u00e4ndler:<\/strong><\/p>\n<p class=\"font_2\">Hubert Willoh GmbH<br \/>\nRoevenkamp 1<br \/>\n49624 L\u00f6ningen<br \/>\nTelefon: 0 54 32\/ 80 33 80<br \/>\n<a href=\"http:\/\/www.willoh-gmbh.de\/\">http:\/\/www.willoh-gmbh.de\/<\/a><\/p>\n<div id=\"SITE_ROOT\" class=\"SITE_ROOT\" data-reactid=\".0.$SITE_ROOT\">\n<div id=\"SITE_STRUCTURE\" data-reactid=\".0.$SITE_ROOT.$desktop_siteRoot\">\n<div id=\"PAGES_CONTAINER\" class=\"s1\" data-state=\"\" data-reactid=\".0.$SITE_ROOT.$desktop_siteRoot.$PAGES_CONTAINER\">\n<div id=\"PAGES_CONTAINERcenteredContent\" class=\"s1centeredContent\" data-reactid=\".0.$SITE_ROOT.$desktop_siteRoot.$PAGES_CONTAINER.1\">\n<div id=\"PAGES_CONTAINERinlineContent\" class=\"s1inlineContent\" data-reactid=\".0.$SITE_ROOT.$desktop_siteRoot.$PAGES_CONTAINER.1.1\">\n<div id=\"SITE_PAGES\" class=\"s2\" data-reactid=\".0.$SITE_ROOT.$desktop_siteRoot.$PAGES_CONTAINER.1.1.$SITE_PAGES\">\n<div id=\"c1fbi\" class=\"s7\" data-reactid=\".0.$SITE_ROOT.$desktop_siteRoot.$PAGES_CONTAINER.1.1.$SITE_PAGES.$c1fbi\">\n<div id=\"c1fbiinlineContent\" class=\"s7inlineContent\" data-reactid=\".0.$SITE_ROOT.$desktop_siteRoot.$PAGES_CONTAINER.1.1.$SITE_PAGES.$c1fbi.1\">\n<div id=\"i4b7ows9\" class=\"s5\" data-reactid=\".0.$SITE_ROOT.$desktop_siteRoot.$PAGES_CONTAINER.1.1.$SITE_PAGES.$c1fbi.1.$i4b7ows9\">\n<p class=\"font_7\">\u200b<\/p>\n<\/div>\n<div id=\"i4b7tpzy\" class=\"s5\" data-reactid=\".0.$SITE_ROOT.$desktop_siteRoot.$PAGES_CONTAINER.1.1.$SITE_PAGES.$c1fbi.1.$i4b7tpzy\">\n<p class=\"font_7\">\u200b<\/p>\n<p class=\"font_7\">\n<\/div>\n<\/div>\n<\/div>\n<\/div>\n<\/div>\n<\/div>\n<\/div>\n<\/div>\n<\/div>\n<\/div>\n<\/div>\n<\/div>\n<\/div>\n<\/div>\n<\/div>\n","protected":false},"excerpt":{"rendered":"<p>H\u00e4ndler Adressen H\u00e4ndler: Hubert Willoh GmbH Roevenkamp 1 49624 L\u00f6ningen Telefon: 0 54 32\/ 80 33 80 http:\/\/www.willoh-gmbh.de\/ \u200b \u200b<\/p>\n","protected":false},"author":1,"featured_media":0,"parent":0,"menu_order":0,"comment_status":"closed","ping_status":"closed","template":"page-templates\/twocolumns.php","meta":[],"yoast_head":"<!-- This site is optimized with the Yoast SEO plugin v18.4.1 - https:\/\/yoast.com\/wordpress\/plugins\/seo\/ -->\n<title>H\u00e4ndler &ndash; Eco-line3<\/title>\n<meta name=\"robots\" content=\"index, follow, max-snippet:-1, max-image-preview:large, max-video-preview:-1\" \/>\n<link rel=\"canonical\" href=\"https:\/\/www.ecoline3.nl\/de\/dealers\/\" \/>\n<meta property=\"og:locale\" content=\"de_DE\" \/>\n<meta property=\"og:type\" content=\"article\" \/>\n<meta property=\"og:title\" content=\"H\u00e4ndler &ndash; Eco-line3\" \/>\n<meta property=\"og:description\" content=\"H\u00e4ndler Adressen H\u00e4ndler: Hubert Willoh GmbH Roevenkamp 1 49624 L\u00f6ningen Telefon: 0 54 32\/ 80 33 80 http:\/\/www.willoh-gmbh.de\/ \u200b \u200b\" \/>\n<meta property=\"og:url\" content=\"https:\/\/www.ecoline3.nl\/de\/dealers\/\" \/>\n<meta property=\"og:site_name\" content=\"Eco-line3\" \/>\n<meta property=\"article:modified_time\" content=\"2016-04-07T15:20:07+00:00\" \/>\n<meta name=\"twitter:card\" content=\"summary\" \/>\n<script type=\"application\/ld+json\" class=\"yoast-schema-graph\">{\"@context\":\"https:\/\/schema.org\",\"@graph\":[{\"@type\":\"Organization\",\"@id\":\"https:\/\/www.ecoline3.nl\/#organization\",\"name\":\"van Lith Licht & Lucht BV\",\"url\":\"https:\/\/www.ecoline3.nl\/\",\"sameAs\":[],\"logo\":{\"@type\":\"ImageObject\",\"@id\":\"https:\/\/www.ecoline3.nl\/#logo\",\"inLanguage\":\"de-DE\",\"url\":\"https:\/\/www.ecoline3.nl\/wp-content\/uploads\/2016\/06\/logo-Ecoline.jpg\",\"contentUrl\":\"https:\/\/www.ecoline3.nl\/wp-content\/uploads\/2016\/06\/logo-Ecoline.jpg\",\"width\":295,\"height\":149,\"caption\":\"van Lith Licht & Lucht BV\"},\"image\":{\"@id\":\"https:\/\/www.ecoline3.nl\/#logo\"}},{\"@type\":\"WebSite\",\"@id\":\"https:\/\/www.ecoline3.nl\/#website\",\"url\":\"https:\/\/www.ecoline3.nl\/\",\"name\":\"Eco-line3\",\"description\":\"Energiezuinige LED verlichting voor industrie en agrarische sector\",\"publisher\":{\"@id\":\"https:\/\/www.ecoline3.nl\/#organization\"},\"potentialAction\":[{\"@type\":\"SearchAction\",\"target\":{\"@type\":\"EntryPoint\",\"urlTemplate\":\"https:\/\/www.ecoline3.nl\/?s={search_term_string}\"},\"query-input\":\"required name=search_term_string\"}],\"inLanguage\":\"de-DE\"},{\"@type\":\"WebPage\",\"@id\":\"https:\/\/www.ecoline3.nl\/de\/dealers\/#webpage\",\"url\":\"https:\/\/www.ecoline3.nl\/de\/dealers\/\",\"name\":\"H\u00e4ndler &ndash; Eco-line3\",\"isPartOf\":{\"@id\":\"https:\/\/www.ecoline3.nl\/#website\"},\"datePublished\":\"2016-03-19T17:02:07+00:00\",\"dateModified\":\"2016-04-07T15:20:07+00:00\",\"breadcrumb\":{\"@id\":\"https:\/\/www.ecoline3.nl\/de\/dealers\/#breadcrumb\"},\"inLanguage\":\"de-DE\",\"potentialAction\":[{\"@type\":\"ReadAction\",\"target\":[\"https:\/\/www.ecoline3.nl\/de\/dealers\/\"]}]},{\"@type\":\"BreadcrumbList\",\"@id\":\"https:\/\/www.ecoline3.nl\/de\/dealers\/#breadcrumb\",\"itemListElement\":[{\"@type\":\"ListItem\",\"position\":1,\"name\":\"Home\",\"item\":\"https:\/\/www.ecoline3.nl\/de\/\"},{\"@type\":\"ListItem\",\"position\":2,\"name\":\"H\u00e4ndler\"}]}]}<\/script>\n<!-- \/ Yoast SEO plugin. -->","yoast_head_json":{"title":"H\u00e4ndler &ndash; Eco-line3","robots":{"index":"index","follow":"follow","max-snippet":"max-snippet:-1","max-image-preview":"max-image-preview:large","max-video-preview":"max-video-preview:-1"},"canonical":"https:\/\/www.ecoline3.nl\/de\/dealers\/","og_locale":"de_DE","og_type":"article","og_title":"H\u00e4ndler &ndash; Eco-line3","og_description":"H\u00e4ndler Adressen H\u00e4ndler: Hubert Willoh GmbH Roevenkamp 1 49624 L\u00f6ningen Telefon: 0 54 32\/ 80 33 80 http:\/\/www.willoh-gmbh.de\/ \u200b \u200b","og_url":"https:\/\/www.ecoline3.nl\/de\/dealers\/","og_site_name":"Eco-line3","article_modified_time":"2016-04-07T15:20:07+00:00","twitter_card":"summary","schema":{"@context":"https:\/\/schema.org","@graph":[{"@type":"Organization","@id":"https:\/\/www.ecoline3.nl\/#organization","name":"van Lith Licht & Lucht BV","url":"https:\/\/www.ecoline3.nl\/","sameAs":[],"logo":{"@type":"ImageObject","@id":"https:\/\/www.ecoline3.nl\/#logo","inLanguage":"de-DE","url":"https:\/\/www.ecoline3.nl\/wp-content\/uploads\/2016\/06\/logo-Ecoline.jpg","contentUrl":"https:\/\/www.ecoline3.nl\/wp-content\/uploads\/2016\/06\/logo-Ecoline.jpg","width":295,"height":149,"caption":"van Lith Licht & Lucht BV"},"image":{"@id":"https:\/\/www.ecoline3.nl\/#logo"}},{"@type":"WebSite","@id":"https:\/\/www.ecoline3.nl\/#website","url":"https:\/\/www.ecoline3.nl\/","name":"Eco-line3","description":"Energiezuinige LED verlichting voor industrie en agrarische sector","publisher":{"@id":"https:\/\/www.ecoline3.nl\/#organization"},"potentialAction":[{"@type":"SearchAction","target":{"@type":"EntryPoint","urlTemplate":"https:\/\/www.ecoline3.nl\/?s={search_term_string}"},"query-input":"required name=search_term_string"}],"inLanguage":"de-DE"},{"@type":"WebPage","@id":"https:\/\/www.ecoline3.nl\/de\/dealers\/#webpage","url":"https:\/\/www.ecoline3.nl\/de\/dealers\/","name":"H\u00e4ndler &ndash; Eco-line3","isPartOf":{"@id":"https:\/\/www.ecoline3.nl\/#website"},"datePublished":"2016-03-19T17:02:07+00:00","dateModified":"2016-04-07T15:20:07+00:00","breadcrumb":{"@id":"https:\/\/www.ecoline3.nl\/de\/dealers\/#breadcrumb"},"inLanguage":"de-DE","potentialAction":[{"@type":"ReadAction","target":["https:\/\/www.ecoline3.nl\/de\/dealers\/"]}]},{"@type":"BreadcrumbList","@id":"https:\/\/www.ecoline3.nl\/de\/dealers\/#breadcrumb","itemListElement":[{"@type":"ListItem","position":1,"name":"Home","item":"https:\/\/www.ecoline3.nl\/de\/"},{"@type":"ListItem","position":2,"name":"H\u00e4ndler"}]}]}},"_links":{"self":[{"href":"https:\/\/www.ecoline3.nl\/de\/wp-json\/wp\/v2\/pages\/732"}],"collection":[{"href":"https:\/\/www.ecoline3.nl\/de\/wp-json\/wp\/v2\/pages"}],"about":[{"href":"https:\/\/www.ecoline3.nl\/de\/wp-json\/wp\/v2\/types\/page"}],"author":[{"embeddable":true,"href":"https:\/\/www.ecoline3.nl\/de\/wp-json\/wp\/v2\/users\/1"}],"replies":[{"embeddable":true,"href":"https:\/\/www.ecoline3.nl\/de\/wp-json\/wp\/v2\/comments?post=732"}],"version-history":[{"count":6,"href":"https:\/\/www.ecoline3.nl\/de\/wp-json\/wp\/v2\/pages\/732\/revisions"}],"predecessor-version":[{"id":917,"href":"https:\/\/www.ecoline3.nl\/de\/wp-json\/wp\/v2\/pages\/732\/revisions\/917"}],"wp:attachment":[{"href":"https:\/\/www.ecoline3.nl\/de\/wp-json\/wp\/v2\/media?parent=732"}],"curies":[{"name":"wp","href":"https:\/\/api.w.org\/{rel}","templated":true}]}}