{"id":724,"date":"2015-11-21T11:18:39","date_gmt":"2015-11-21T10:18:39","guid":{"rendered":"http:\/\/www.ecoline3.nl\/de\/agro\/varkens\/"},"modified":"2016-03-19T17:54:36","modified_gmt":"2016-03-19T16:54:36","slug":"varkens","status":"publish","type":"page","link":"https:\/\/www.ecoline3.nl\/de\/agro\/varkens\/","title":{"rendered":"Schweine"},"content":{"rendered":"<h1 class=\"font_7\"><span class=\"color_13\">Tierschutz, Tiergesundheit und Tierproduktion<\/span><\/h1>\n<p class=\"font_7\">Eco-Line Leuchten, sind widerstandsf\u00e4higer gegen Ammoniak. Zusammen mit der extrem langen Lebensdauer der Lichtquellen als PMMA Glasschutz stellt sicher, dass Sie Jahre keine Wartung zu Ihrem Beleuchtungssystem haben.<\/p>\n<p class=\"font_7\">Eco-Line ber\u00e4t Eco-line TL8 Tubes Platz im Liegestand und Fachabteilungen mit Raumh\u00f6hen bis 3,5mtr. Mit h\u00f6heren Decken in den Abteilungen empfehlen wir Eco-line Induktions Armaturen. Eco-Line LED-Lichtr\u00f6hren kommen mit einem IP67-Geh\u00e4use.<\/p>\n<p class=\"font_7\">Die Energieeinsparung das mann mit eco-line Beleuchtung realisieren kann, ist mindestens 50% und in den meisten F\u00e4llen mehr als 65%<\/p>\n","protected":false},"excerpt":{"rendered":"<p>Tierschutz, Tiergesundheit und Tierproduktion Eco-Line Leuchten, sind widerstandsf\u00e4higer gegen Ammoniak. Zusammen mit der extrem langen Lebensdauer der Lichtquellen als PMMA Glasschutz stellt sicher, dass Sie Jahre keine Wartung zu Ihrem Beleuchtungssystem haben. Eco-Line ber\u00e4t Eco-line TL8 Tubes Platz im Liegestand und Fachabteilungen mit Raumh\u00f6hen bis 3,5mtr. Mit h\u00f6heren Decken in den Abteilungen empfehlen wir Eco-line [&hellip;]<\/p>\n","protected":false},"author":1,"featured_media":164,"parent":693,"menu_order":0,"comment_status":"closed","ping_status":"closed","template":"page-templates\/gallerybottomcols.php","meta":[],"yoast_head":"<!-- This site is optimized with the Yoast SEO plugin v18.4.1 - https:\/\/yoast.com\/wordpress\/plugins\/seo\/ -->\n<title>Schweine &ndash; Eco-line3<\/title>\n<meta name=\"robots\" content=\"index, follow, max-snippet:-1, max-image-preview:large, max-video-preview:-1\" \/>\n<link rel=\"canonical\" href=\"https:\/\/www.ecoline3.nl\/de\/agro\/varkens\/\" \/>\n<meta property=\"og:locale\" content=\"de_DE\" \/>\n<meta property=\"og:type\" content=\"article\" \/>\n<meta property=\"og:title\" content=\"Schweine &ndash; Eco-line3\" \/>\n<meta property=\"og:description\" content=\"Tierschutz, Tiergesundheit und Tierproduktion Eco-Line Leuchten, sind widerstandsf\u00e4higer gegen Ammoniak. Zusammen mit der extrem langen Lebensdauer der Lichtquellen als PMMA Glasschutz stellt sicher, dass Sie Jahre keine Wartung zu Ihrem Beleuchtungssystem haben. Eco-Line ber\u00e4t Eco-line TL8 Tubes Platz im Liegestand und Fachabteilungen mit Raumh\u00f6hen bis 3,5mtr. Mit h\u00f6heren Decken in den Abteilungen empfehlen wir Eco-line [&hellip;]\" \/>\n<meta property=\"og:url\" content=\"https:\/\/www.ecoline3.nl\/de\/agro\/varkens\/\" \/>\n<meta property=\"og:site_name\" content=\"Eco-line3\" \/>\n<meta property=\"article:modified_time\" content=\"2016-03-19T16:54:36+00:00\" \/>\n<meta property=\"og:image\" content=\"https:\/\/www.ecoline3.nl\/wp-content\/uploads\/2015\/11\/varkens-header.jpg\" \/>\n\t<meta property=\"og:image:width\" content=\"1331\" \/>\n\t<meta property=\"og:image:height\" content=\"281\" \/>\n\t<meta property=\"og:image:type\" content=\"image\/jpeg\" \/>\n<meta name=\"twitter:card\" content=\"summary\" \/>\n<script type=\"application\/ld+json\" class=\"yoast-schema-graph\">{\"@context\":\"https:\/\/schema.org\",\"@graph\":[{\"@type\":\"Organization\",\"@id\":\"https:\/\/www.ecoline3.nl\/#organization\",\"name\":\"van Lith Licht & Lucht BV\",\"url\":\"https:\/\/www.ecoline3.nl\/\",\"sameAs\":[],\"logo\":{\"@type\":\"ImageObject\",\"@id\":\"https:\/\/www.ecoline3.nl\/#logo\",\"inLanguage\":\"de-DE\",\"url\":\"https:\/\/www.ecoline3.nl\/wp-content\/uploads\/2016\/06\/logo-Ecoline.jpg\",\"contentUrl\":\"https:\/\/www.ecoline3.nl\/wp-content\/uploads\/2016\/06\/logo-Ecoline.jpg\",\"width\":295,\"height\":149,\"caption\":\"van Lith Licht & Lucht BV\"},\"image\":{\"@id\":\"https:\/\/www.ecoline3.nl\/#logo\"}},{\"@type\":\"WebSite\",\"@id\":\"https:\/\/www.ecoline3.nl\/#website\",\"url\":\"https:\/\/www.ecoline3.nl\/\",\"name\":\"Eco-line3\",\"description\":\"Energiezuinige LED verlichting voor industrie en agrarische sector\",\"publisher\":{\"@id\":\"https:\/\/www.ecoline3.nl\/#organization\"},\"potentialAction\":[{\"@type\":\"SearchAction\",\"target\":{\"@type\":\"EntryPoint\",\"urlTemplate\":\"https:\/\/www.ecoline3.nl\/?s={search_term_string}\"},\"query-input\":\"required name=search_term_string\"}],\"inLanguage\":\"de-DE\"},{\"@type\":\"ImageObject\",\"@id\":\"https:\/\/www.ecoline3.nl\/de\/agro\/varkens\/#primaryimage\",\"inLanguage\":\"de-DE\",\"url\":\"https:\/\/www.ecoline3.nl\/wp-content\/uploads\/2015\/11\/varkens-header.jpg\",\"contentUrl\":\"https:\/\/www.ecoline3.nl\/wp-content\/uploads\/2015\/11\/varkens-header.jpg\",\"width\":1331,\"height\":281},{\"@type\":\"WebPage\",\"@id\":\"https:\/\/www.ecoline3.nl\/de\/agro\/varkens\/#webpage\",\"url\":\"https:\/\/www.ecoline3.nl\/de\/agro\/varkens\/\",\"name\":\"Schweine &ndash; Eco-line3\",\"isPartOf\":{\"@id\":\"https:\/\/www.ecoline3.nl\/#website\"},\"primaryImageOfPage\":{\"@id\":\"https:\/\/www.ecoline3.nl\/de\/agro\/varkens\/#primaryimage\"},\"datePublished\":\"2015-11-21T10:18:39+00:00\",\"dateModified\":\"2016-03-19T16:54:36+00:00\",\"breadcrumb\":{\"@id\":\"https:\/\/www.ecoline3.nl\/de\/agro\/varkens\/#breadcrumb\"},\"inLanguage\":\"de-DE\",\"potentialAction\":[{\"@type\":\"ReadAction\",\"target\":[\"https:\/\/www.ecoline3.nl\/de\/agro\/varkens\/\"]}]},{\"@type\":\"BreadcrumbList\",\"@id\":\"https:\/\/www.ecoline3.nl\/de\/agro\/varkens\/#breadcrumb\",\"itemListElement\":[{\"@type\":\"ListItem\",\"position\":1,\"name\":\"Home\",\"item\":\"https:\/\/www.ecoline3.nl\/de\/\"},{\"@type\":\"ListItem\",\"position\":2,\"name\":\"Agrar Beleuchtung\",\"item\":\"https:\/\/www.ecoline3.nl\/de\/agro\/\"},{\"@type\":\"ListItem\",\"position\":3,\"name\":\"Schweine\"}]}]}<\/script>\n<!-- \/ Yoast SEO plugin. -->","yoast_head_json":{"title":"Schweine &ndash; Eco-line3","robots":{"index":"index","follow":"follow","max-snippet":"max-snippet:-1","max-image-preview":"max-image-preview:large","max-video-preview":"max-video-preview:-1"},"canonical":"https:\/\/www.ecoline3.nl\/de\/agro\/varkens\/","og_locale":"de_DE","og_type":"article","og_title":"Schweine &ndash; Eco-line3","og_description":"Tierschutz, Tiergesundheit und Tierproduktion Eco-Line Leuchten, sind widerstandsf\u00e4higer gegen Ammoniak. Zusammen mit der extrem langen Lebensdauer der Lichtquellen als PMMA Glasschutz stellt sicher, dass Sie Jahre keine Wartung zu Ihrem Beleuchtungssystem haben. Eco-Line ber\u00e4t Eco-line TL8 Tubes Platz im Liegestand und Fachabteilungen mit Raumh\u00f6hen bis 3,5mtr. Mit h\u00f6heren Decken in den Abteilungen empfehlen wir Eco-line [&hellip;]","og_url":"https:\/\/www.ecoline3.nl\/de\/agro\/varkens\/","og_site_name":"Eco-line3","article_modified_time":"2016-03-19T16:54:36+00:00","og_image":[{"width":1331,"height":281,"url":"https:\/\/www.ecoline3.nl\/wp-content\/uploads\/2015\/11\/varkens-header.jpg","type":"image\/jpeg"}],"twitter_card":"summary","schema":{"@context":"https:\/\/schema.org","@graph":[{"@type":"Organization","@id":"https:\/\/www.ecoline3.nl\/#organization","name":"van Lith Licht & Lucht BV","url":"https:\/\/www.ecoline3.nl\/","sameAs":[],"logo":{"@type":"ImageObject","@id":"https:\/\/www.ecoline3.nl\/#logo","inLanguage":"de-DE","url":"https:\/\/www.ecoline3.nl\/wp-content\/uploads\/2016\/06\/logo-Ecoline.jpg","contentUrl":"https:\/\/www.ecoline3.nl\/wp-content\/uploads\/2016\/06\/logo-Ecoline.jpg","width":295,"height":149,"caption":"van Lith Licht & Lucht BV"},"image":{"@id":"https:\/\/www.ecoline3.nl\/#logo"}},{"@type":"WebSite","@id":"https:\/\/www.ecoline3.nl\/#website","url":"https:\/\/www.ecoline3.nl\/","name":"Eco-line3","description":"Energiezuinige LED verlichting voor industrie en agrarische sector","publisher":{"@id":"https:\/\/www.ecoline3.nl\/#organization"},"potentialAction":[{"@type":"SearchAction","target":{"@type":"EntryPoint","urlTemplate":"https:\/\/www.ecoline3.nl\/?s={search_term_string}"},"query-input":"required name=search_term_string"}],"inLanguage":"de-DE"},{"@type":"ImageObject","@id":"https:\/\/www.ecoline3.nl\/de\/agro\/varkens\/#primaryimage","inLanguage":"de-DE","url":"https:\/\/www.ecoline3.nl\/wp-content\/uploads\/2015\/11\/varkens-header.jpg","contentUrl":"https:\/\/www.ecoline3.nl\/wp-content\/uploads\/2015\/11\/varkens-header.jpg","width":1331,"height":281},{"@type":"WebPage","@id":"https:\/\/www.ecoline3.nl\/de\/agro\/varkens\/#webpage","url":"https:\/\/www.ecoline3.nl\/de\/agro\/varkens\/","name":"Schweine &ndash; Eco-line3","isPartOf":{"@id":"https:\/\/www.ecoline3.nl\/#website"},"primaryImageOfPage":{"@id":"https:\/\/www.ecoline3.nl\/de\/agro\/varkens\/#primaryimage"},"datePublished":"2015-11-21T10:18:39+00:00","dateModified":"2016-03-19T16:54:36+00:00","breadcrumb":{"@id":"https:\/\/www.ecoline3.nl\/de\/agro\/varkens\/#breadcrumb"},"inLanguage":"de-DE","potentialAction":[{"@type":"ReadAction","target":["https:\/\/www.ecoline3.nl\/de\/agro\/varkens\/"]}]},{"@type":"BreadcrumbList","@id":"https:\/\/www.ecoline3.nl\/de\/agro\/varkens\/#breadcrumb","itemListElement":[{"@type":"ListItem","position":1,"name":"Home","item":"https:\/\/www.ecoline3.nl\/de\/"},{"@type":"ListItem","position":2,"name":"Agrar Beleuchtung","item":"https:\/\/www.ecoline3.nl\/de\/agro\/"},{"@type":"ListItem","position":3,"name":"Schweine"}]}]}},"_links":{"self":[{"href":"https:\/\/www.ecoline3.nl\/de\/wp-json\/wp\/v2\/pages\/724"}],"collection":[{"href":"https:\/\/www.ecoline3.nl\/de\/wp-json\/wp\/v2\/pages"}],"about":[{"href":"https:\/\/www.ecoline3.nl\/de\/wp-json\/wp\/v2\/types\/page"}],"author":[{"embeddable":true,"href":"https:\/\/www.ecoline3.nl\/de\/wp-json\/wp\/v2\/users\/1"}],"replies":[{"embeddable":true,"href":"https:\/\/www.ecoline3.nl\/de\/wp-json\/wp\/v2\/comments?post=724"}],"version-history":[{"count":2,"href":"https:\/\/www.ecoline3.nl\/de\/wp-json\/wp\/v2\/pages\/724\/revisions"}],"predecessor-version":[{"id":726,"href":"https:\/\/www.ecoline3.nl\/de\/wp-json\/wp\/v2\/pages\/724\/revisions\/726"}],"up":[{"embeddable":true,"href":"https:\/\/www.ecoline3.nl\/de\/wp-json\/wp\/v2\/pages\/693"}],"wp:featuredmedia":[{"embeddable":true,"href":"https:\/\/www.ecoline3.nl\/de\/wp-json\/wp\/v2\/media\/164"}],"wp:attachment":[{"href":"https:\/\/www.ecoline3.nl\/de\/wp-json\/wp\/v2\/media?parent=724"}],"curies":[{"name":"wp","href":"https:\/\/api.w.org\/{rel}","templated":true}]}}