{"id":720,"date":"2015-11-21T11:18:47","date_gmt":"2015-11-21T10:18:47","guid":{"rendered":"http:\/\/www.ecoline3.nl\/de\/agro\/rundvee\/"},"modified":"2016-03-19T17:51:31","modified_gmt":"2016-03-19T16:51:31","slug":"rundvee","status":"publish","type":"page","link":"https:\/\/www.ecoline3.nl\/de\/agro\/rundvee\/","title":{"rendered":"Rinder"},"content":{"rendered":"<h1 class=\"font_7\"><span class=\"color_13\">Tierschutz, Tiergesundheit und Tierproduktion<\/span><\/h1>\n<p class=\"font_7\">Zu sehen und zu zeigen nat\u00fcrliches Verhalten sollen F\u00e4rsen und reife K\u00fche gen\u00fcgend Licht haben. Eine Beleuchtung von ca. 130 lux ist ausreichend. Dar\u00fcber hinaus brauchen die Tiere eine t\u00e4gliche Periode der Dunkelheit (&lt;5 Lux), um ihre biologische Uhr zur\u00fcckzusetzen von mindestens 6 Stunden.<\/p>\n<p class=\"font_7\">K\u00fche k\u00f6nnen sich wahrscheinlich Farbe sehen,\u00a0 aber keine Effekte einer Lichtfarbe auf die Kuh sind unbekannt. Die Entwicklung der Jungtiere wird durch Licht angeregt. K\u00e4lber und F\u00e4rsen profitieren von einer Tagesl\u00e4nge von ca. 16 Stunden. Die Fruchtbarkeit von K\u00fchen wird auch durch eine Tagesl\u00e4nge von etwa 16 Stunden stimuliert. Die Milch von K\u00fchen um etwa 8 bis 9 Prozent durch Verl\u00e4ngerung der Tageslichtstunden au\u00dferhalb der Sommermonate mit k\u00fcnstlichem Licht und 16 Stunden Licht (und 8 Stunden Dunkelheit) erh\u00f6ht werden. Dies erfordert eine notwendige Beleuchtungsst\u00e4rke von mindestens 150 Lux, gemessen bei Tierebene (das hei\u00dft, auf Augenh\u00f6he Tiere).<\/p>\n<p class=\"font_7\">Oben beschrieben durch den Unternehmer Licht Bed\u00fcrfnisse und Kuh wird durch Anlegen einer Lichtst\u00e4rke von mindestens 150 Lux und t\u00e4glich w\u00e4hrend der Tageslichtperiode erf\u00fcllt Aufbringen einer dunklen Periode von mindestens 8 Stunden mit einer Beleuchtungsst\u00e4rke von weniger als 5 lux.<\/p>\n<p class=\"font_7\">Die Lampen sollten aufgeh\u00e4ngt werden, so dass eine gleichm\u00e4\u00dfige Lichtverteilung \u00fcber den Stall erreicht ist und die Beleuchtungsst\u00e4rken an tierischen Ebene getroffen werden.<\/p>\n<p class=\"font_7\">Eco-Line empfiehlt f\u00fcr St\u00e4lle mit einer Firsth\u00f6he von 6mtr. und \/ oder h\u00f6her, um die Eco-line High Bay leuchten zu montieren.<\/p>\n<p class=\"font_7\">Je nach Dimensionierung kann bestimmt werden, und die Leistung der Lichtquelle notwendig ist, um die gew\u00fcnschte Helligkeit zu erreichen.<\/p>\n<p class=\"font_7\">Die Energieeinsparung das mann mit eco-line Beleuchtung realisieren kann, ist mindestens 50% und in den meisten F\u00e4llen mehr als 65%<\/p>\n","protected":false},"excerpt":{"rendered":"<p>Tierschutz, Tiergesundheit und Tierproduktion Zu sehen und zu zeigen nat\u00fcrliches Verhalten sollen F\u00e4rsen und reife K\u00fche gen\u00fcgend Licht haben. Eine Beleuchtung von ca. 130 lux ist ausreichend. Dar\u00fcber hinaus brauchen die Tiere eine t\u00e4gliche Periode der Dunkelheit (&lt;5 Lux), um ihre biologische Uhr zur\u00fcckzusetzen von mindestens 6 Stunden. K\u00fche k\u00f6nnen sich wahrscheinlich Farbe sehen,\u00a0 aber [&hellip;]<\/p>\n","protected":false},"author":1,"featured_media":147,"parent":693,"menu_order":0,"comment_status":"closed","ping_status":"closed","template":"page-templates\/gallerybottomcols.php","meta":[],"yoast_head":"<!-- This site is optimized with the Yoast SEO plugin v18.4.1 - https:\/\/yoast.com\/wordpress\/plugins\/seo\/ -->\n<title>Rinder &ndash; Eco-line3<\/title>\n<meta name=\"robots\" content=\"index, follow, max-snippet:-1, max-image-preview:large, max-video-preview:-1\" \/>\n<link rel=\"canonical\" href=\"https:\/\/www.ecoline3.nl\/de\/agro\/rundvee\/\" \/>\n<meta property=\"og:locale\" content=\"de_DE\" \/>\n<meta property=\"og:type\" content=\"article\" \/>\n<meta property=\"og:title\" content=\"Rinder &ndash; Eco-line3\" \/>\n<meta property=\"og:description\" content=\"Tierschutz, Tiergesundheit und Tierproduktion Zu sehen und zu zeigen nat\u00fcrliches Verhalten sollen F\u00e4rsen und reife K\u00fche gen\u00fcgend Licht haben. Eine Beleuchtung von ca. 130 lux ist ausreichend. Dar\u00fcber hinaus brauchen die Tiere eine t\u00e4gliche Periode der Dunkelheit (&lt;5 Lux), um ihre biologische Uhr zur\u00fcckzusetzen von mindestens 6 Stunden. K\u00fche k\u00f6nnen sich wahrscheinlich Farbe sehen,\u00a0 aber [&hellip;]\" \/>\n<meta property=\"og:url\" content=\"https:\/\/www.ecoline3.nl\/de\/agro\/rundvee\/\" \/>\n<meta property=\"og:site_name\" content=\"Eco-line3\" \/>\n<meta property=\"article:modified_time\" content=\"2016-03-19T16:51:31+00:00\" \/>\n<meta property=\"og:image\" content=\"https:\/\/www.ecoline3.nl\/wp-content\/uploads\/2015\/11\/Koestal-header.jpg\" \/>\n\t<meta property=\"og:image:width\" content=\"1366\" \/>\n\t<meta property=\"og:image:height\" content=\"294\" \/>\n\t<meta property=\"og:image:type\" content=\"image\/jpeg\" \/>\n<meta name=\"twitter:card\" content=\"summary\" \/>\n<meta name=\"twitter:label1\" content=\"Est. reading time\" \/>\n\t<meta name=\"twitter:data1\" content=\"1 minute\" \/>\n<script type=\"application\/ld+json\" class=\"yoast-schema-graph\">{\"@context\":\"https:\/\/schema.org\",\"@graph\":[{\"@type\":\"Organization\",\"@id\":\"https:\/\/www.ecoline3.nl\/#organization\",\"name\":\"van Lith Licht & Lucht BV\",\"url\":\"https:\/\/www.ecoline3.nl\/\",\"sameAs\":[],\"logo\":{\"@type\":\"ImageObject\",\"@id\":\"https:\/\/www.ecoline3.nl\/#logo\",\"inLanguage\":\"de-DE\",\"url\":\"https:\/\/www.ecoline3.nl\/wp-content\/uploads\/2016\/06\/logo-Ecoline.jpg\",\"contentUrl\":\"https:\/\/www.ecoline3.nl\/wp-content\/uploads\/2016\/06\/logo-Ecoline.jpg\",\"width\":295,\"height\":149,\"caption\":\"van Lith Licht & Lucht BV\"},\"image\":{\"@id\":\"https:\/\/www.ecoline3.nl\/#logo\"}},{\"@type\":\"WebSite\",\"@id\":\"https:\/\/www.ecoline3.nl\/#website\",\"url\":\"https:\/\/www.ecoline3.nl\/\",\"name\":\"Eco-line3\",\"description\":\"Energiezuinige LED verlichting voor industrie en agrarische sector\",\"publisher\":{\"@id\":\"https:\/\/www.ecoline3.nl\/#organization\"},\"potentialAction\":[{\"@type\":\"SearchAction\",\"target\":{\"@type\":\"EntryPoint\",\"urlTemplate\":\"https:\/\/www.ecoline3.nl\/?s={search_term_string}\"},\"query-input\":\"required name=search_term_string\"}],\"inLanguage\":\"de-DE\"},{\"@type\":\"ImageObject\",\"@id\":\"https:\/\/www.ecoline3.nl\/de\/agro\/rundvee\/#primaryimage\",\"inLanguage\":\"de-DE\",\"url\":\"https:\/\/www.ecoline3.nl\/wp-content\/uploads\/2015\/11\/Koestal-header.jpg\",\"contentUrl\":\"https:\/\/www.ecoline3.nl\/wp-content\/uploads\/2015\/11\/Koestal-header.jpg\",\"width\":1366,\"height\":294,\"caption\":\"Eco-line3 LED en inductie verlichting\"},{\"@type\":\"WebPage\",\"@id\":\"https:\/\/www.ecoline3.nl\/de\/agro\/rundvee\/#webpage\",\"url\":\"https:\/\/www.ecoline3.nl\/de\/agro\/rundvee\/\",\"name\":\"Rinder &ndash; Eco-line3\",\"isPartOf\":{\"@id\":\"https:\/\/www.ecoline3.nl\/#website\"},\"primaryImageOfPage\":{\"@id\":\"https:\/\/www.ecoline3.nl\/de\/agro\/rundvee\/#primaryimage\"},\"datePublished\":\"2015-11-21T10:18:47+00:00\",\"dateModified\":\"2016-03-19T16:51:31+00:00\",\"breadcrumb\":{\"@id\":\"https:\/\/www.ecoline3.nl\/de\/agro\/rundvee\/#breadcrumb\"},\"inLanguage\":\"de-DE\",\"potentialAction\":[{\"@type\":\"ReadAction\",\"target\":[\"https:\/\/www.ecoline3.nl\/de\/agro\/rundvee\/\"]}]},{\"@type\":\"BreadcrumbList\",\"@id\":\"https:\/\/www.ecoline3.nl\/de\/agro\/rundvee\/#breadcrumb\",\"itemListElement\":[{\"@type\":\"ListItem\",\"position\":1,\"name\":\"Home\",\"item\":\"https:\/\/www.ecoline3.nl\/de\/\"},{\"@type\":\"ListItem\",\"position\":2,\"name\":\"Agrar Beleuchtung\",\"item\":\"https:\/\/www.ecoline3.nl\/de\/agro\/\"},{\"@type\":\"ListItem\",\"position\":3,\"name\":\"Rinder\"}]}]}<\/script>\n<!-- \/ Yoast SEO plugin. -->","yoast_head_json":{"title":"Rinder &ndash; Eco-line3","robots":{"index":"index","follow":"follow","max-snippet":"max-snippet:-1","max-image-preview":"max-image-preview:large","max-video-preview":"max-video-preview:-1"},"canonical":"https:\/\/www.ecoline3.nl\/de\/agro\/rundvee\/","og_locale":"de_DE","og_type":"article","og_title":"Rinder &ndash; Eco-line3","og_description":"Tierschutz, Tiergesundheit und Tierproduktion Zu sehen und zu zeigen nat\u00fcrliches Verhalten sollen F\u00e4rsen und reife K\u00fche gen\u00fcgend Licht haben. Eine Beleuchtung von ca. 130 lux ist ausreichend. Dar\u00fcber hinaus brauchen die Tiere eine t\u00e4gliche Periode der Dunkelheit (&lt;5 Lux), um ihre biologische Uhr zur\u00fcckzusetzen von mindestens 6 Stunden. K\u00fche k\u00f6nnen sich wahrscheinlich Farbe sehen,\u00a0 aber [&hellip;]","og_url":"https:\/\/www.ecoline3.nl\/de\/agro\/rundvee\/","og_site_name":"Eco-line3","article_modified_time":"2016-03-19T16:51:31+00:00","og_image":[{"width":1366,"height":294,"url":"https:\/\/www.ecoline3.nl\/wp-content\/uploads\/2015\/11\/Koestal-header.jpg","type":"image\/jpeg"}],"twitter_card":"summary","twitter_misc":{"Est. reading time":"1 minute"},"schema":{"@context":"https:\/\/schema.org","@graph":[{"@type":"Organization","@id":"https:\/\/www.ecoline3.nl\/#organization","name":"van Lith Licht & Lucht BV","url":"https:\/\/www.ecoline3.nl\/","sameAs":[],"logo":{"@type":"ImageObject","@id":"https:\/\/www.ecoline3.nl\/#logo","inLanguage":"de-DE","url":"https:\/\/www.ecoline3.nl\/wp-content\/uploads\/2016\/06\/logo-Ecoline.jpg","contentUrl":"https:\/\/www.ecoline3.nl\/wp-content\/uploads\/2016\/06\/logo-Ecoline.jpg","width":295,"height":149,"caption":"van Lith Licht & Lucht BV"},"image":{"@id":"https:\/\/www.ecoline3.nl\/#logo"}},{"@type":"WebSite","@id":"https:\/\/www.ecoline3.nl\/#website","url":"https:\/\/www.ecoline3.nl\/","name":"Eco-line3","description":"Energiezuinige LED verlichting voor industrie en agrarische sector","publisher":{"@id":"https:\/\/www.ecoline3.nl\/#organization"},"potentialAction":[{"@type":"SearchAction","target":{"@type":"EntryPoint","urlTemplate":"https:\/\/www.ecoline3.nl\/?s={search_term_string}"},"query-input":"required name=search_term_string"}],"inLanguage":"de-DE"},{"@type":"ImageObject","@id":"https:\/\/www.ecoline3.nl\/de\/agro\/rundvee\/#primaryimage","inLanguage":"de-DE","url":"https:\/\/www.ecoline3.nl\/wp-content\/uploads\/2015\/11\/Koestal-header.jpg","contentUrl":"https:\/\/www.ecoline3.nl\/wp-content\/uploads\/2015\/11\/Koestal-header.jpg","width":1366,"height":294,"caption":"Eco-line3 LED en inductie verlichting"},{"@type":"WebPage","@id":"https:\/\/www.ecoline3.nl\/de\/agro\/rundvee\/#webpage","url":"https:\/\/www.ecoline3.nl\/de\/agro\/rundvee\/","name":"Rinder &ndash; Eco-line3","isPartOf":{"@id":"https:\/\/www.ecoline3.nl\/#website"},"primaryImageOfPage":{"@id":"https:\/\/www.ecoline3.nl\/de\/agro\/rundvee\/#primaryimage"},"datePublished":"2015-11-21T10:18:47+00:00","dateModified":"2016-03-19T16:51:31+00:00","breadcrumb":{"@id":"https:\/\/www.ecoline3.nl\/de\/agro\/rundvee\/#breadcrumb"},"inLanguage":"de-DE","potentialAction":[{"@type":"ReadAction","target":["https:\/\/www.ecoline3.nl\/de\/agro\/rundvee\/"]}]},{"@type":"BreadcrumbList","@id":"https:\/\/www.ecoline3.nl\/de\/agro\/rundvee\/#breadcrumb","itemListElement":[{"@type":"ListItem","position":1,"name":"Home","item":"https:\/\/www.ecoline3.nl\/de\/"},{"@type":"ListItem","position":2,"name":"Agrar Beleuchtung","item":"https:\/\/www.ecoline3.nl\/de\/agro\/"},{"@type":"ListItem","position":3,"name":"Rinder"}]}]}},"_links":{"self":[{"href":"https:\/\/www.ecoline3.nl\/de\/wp-json\/wp\/v2\/pages\/720"}],"collection":[{"href":"https:\/\/www.ecoline3.nl\/de\/wp-json\/wp\/v2\/pages"}],"about":[{"href":"https:\/\/www.ecoline3.nl\/de\/wp-json\/wp\/v2\/types\/page"}],"author":[{"embeddable":true,"href":"https:\/\/www.ecoline3.nl\/de\/wp-json\/wp\/v2\/users\/1"}],"replies":[{"embeddable":true,"href":"https:\/\/www.ecoline3.nl\/de\/wp-json\/wp\/v2\/comments?post=720"}],"version-history":[{"count":2,"href":"https:\/\/www.ecoline3.nl\/de\/wp-json\/wp\/v2\/pages\/720\/revisions"}],"predecessor-version":[{"id":722,"href":"https:\/\/www.ecoline3.nl\/de\/wp-json\/wp\/v2\/pages\/720\/revisions\/722"}],"up":[{"embeddable":true,"href":"https:\/\/www.ecoline3.nl\/de\/wp-json\/wp\/v2\/pages\/693"}],"wp:featuredmedia":[{"embeddable":true,"href":"https:\/\/www.ecoline3.nl\/de\/wp-json\/wp\/v2\/media\/147"}],"wp:attachment":[{"href":"https:\/\/www.ecoline3.nl\/de\/wp-json\/wp\/v2\/media?parent=720"}],"curies":[{"name":"wp","href":"https:\/\/api.w.org\/{rel}","templated":true}]}}