{"id":702,"date":"2015-11-21T10:58:25","date_gmt":"2015-11-21T09:58:25","guid":{"rendered":"http:\/\/www.ecoline3.nl\/de\/agro\/pluimvee\/"},"modified":"2016-04-07T16:36:28","modified_gmt":"2016-04-07T14:36:28","slug":"pluimvee","status":"publish","type":"page","link":"https:\/\/www.ecoline3.nl\/de\/agro\/pluimvee\/","title":{"rendered":"Gefl\u00fcgel Legehennen"},"content":{"rendered":"<h1 class=\"p1\">Tierschutz, Tiergesundheit und Tierproduktion<\/h1>\n<p class=\"font_7\">Eco-Line hat zwar spezielle Leuchten f\u00fcr den Gefl\u00fcgelsektor.<\/p>\n<p class=\"font_7\">Eco-Line LED-Rohre kommen mit einem IP67-Geh\u00e4use , um sicherzustellen dass die Armaturen 100% wasserdicht sind.\u00a0Die Energieeinsparungen, die mit Eco-line beleuchtung realisiert werden kann ist zu mindestens 50% und in den meisten F\u00e4llen mehr als 65% .<\/p>\n<p class=\"font_7\">Haben Sie Probleme mit Kannibalismus? Eco-Line liefert eine Leuchte , mit dem Sie sofort das Licht von wei\u00df zu rot umschalten im Stall.\u00a0Bei der Auswahl der Tiere kann das Licht wieder auf wei\u00df gesetzt werden. Das System wird durch ein 0-10V Signal gesteuert.<\/p>\n<p class=\"font_7\">Unten sehen Sie das Potenzial der Red \/ White Gefl\u00fcgelrohre.<br \/>\n(von links nach rechts: wei\u00df 100% , 100% rot, wei\u00df 5%)<\/p>\n<p><img loading=\"lazy\" class=\"alignnone wp-image-142\" src=\"http:\/\/www.ecoline3.nl\/wp-content\/uploads\/2015\/11\/licht.jpg\" alt=\"licht\" width=\"191\" height=\"142\" \/>\u00a0<img loading=\"lazy\" class=\"alignnone size-full wp-image-141\" src=\"http:\/\/www.ecoline3.nl\/wp-content\/uploads\/2015\/11\/rood.jpg\" alt=\"rood\" width=\"190\" height=\"142\" \/>\u00a0<a href=\"http:\/\/www.ecoline3.nl\/wp-content\/uploads\/2015\/11\/zwart.jpg\"><img loading=\"lazy\" class=\"alignnone size-full wp-image-140\" src=\"http:\/\/www.ecoline3.nl\/wp-content\/uploads\/2015\/11\/zwart.jpg\" alt=\"zwart\" width=\"191\" height=\"143\" \/><\/a><\/p>\n","protected":false},"excerpt":{"rendered":"<p>Tierschutz, Tiergesundheit und Tierproduktion Eco-Line hat zwar spezielle Leuchten f\u00fcr den Gefl\u00fcgelsektor. Eco-Line LED-Rohre kommen mit einem IP67-Geh\u00e4use , um sicherzustellen dass die Armaturen 100% wasserdicht sind.\u00a0Die Energieeinsparungen, die mit Eco-line beleuchtung realisiert werden kann ist zu mindestens 50% und in den meisten F\u00e4llen mehr als 65% . Haben Sie Probleme mit Kannibalismus? Eco-Line liefert [&hellip;]<\/p>\n","protected":false},"author":1,"featured_media":457,"parent":693,"menu_order":0,"comment_status":"closed","ping_status":"closed","template":"page-templates\/gallerybottomcols.php","meta":[],"yoast_head":"<!-- This site is optimized with the Yoast SEO plugin v18.4.1 - https:\/\/yoast.com\/wordpress\/plugins\/seo\/ -->\n<title>Gefl\u00fcgel Legehennen &ndash; Eco-line3<\/title>\n<meta name=\"robots\" content=\"index, follow, max-snippet:-1, max-image-preview:large, max-video-preview:-1\" \/>\n<link rel=\"canonical\" href=\"https:\/\/www.ecoline3.nl\/de\/agro\/pluimvee\/\" \/>\n<meta property=\"og:locale\" content=\"de_DE\" \/>\n<meta property=\"og:type\" content=\"article\" \/>\n<meta property=\"og:title\" content=\"Gefl\u00fcgel Legehennen &ndash; Eco-line3\" \/>\n<meta property=\"og:description\" content=\"Tierschutz, Tiergesundheit und Tierproduktion Eco-Line hat zwar spezielle Leuchten f\u00fcr den Gefl\u00fcgelsektor. Eco-Line LED-Rohre kommen mit einem IP67-Geh\u00e4use , um sicherzustellen dass die Armaturen 100% wasserdicht sind.\u00a0Die Energieeinsparungen, die mit Eco-line beleuchtung realisiert werden kann ist zu mindestens 50% und in den meisten F\u00e4llen mehr als 65% . Haben Sie Probleme mit Kannibalismus? Eco-Line liefert [&hellip;]\" \/>\n<meta property=\"og:url\" content=\"https:\/\/www.ecoline3.nl\/de\/agro\/pluimvee\/\" \/>\n<meta property=\"og:site_name\" content=\"Eco-line3\" \/>\n<meta property=\"article:modified_time\" content=\"2016-04-07T14:36:28+00:00\" \/>\n<meta property=\"og:image\" content=\"https:\/\/www.ecoline3.nl\/wp-content\/uploads\/2015\/11\/voliere2.jpg\" \/>\n\t<meta property=\"og:image:width\" content=\"600\" \/>\n\t<meta property=\"og:image:height\" content=\"315\" \/>\n\t<meta property=\"og:image:type\" content=\"image\/jpeg\" \/>\n<meta name=\"twitter:card\" content=\"summary\" \/>\n<meta name=\"twitter:label1\" content=\"Est. reading time\" \/>\n\t<meta name=\"twitter:data1\" content=\"1 minute\" \/>\n<script type=\"application\/ld+json\" class=\"yoast-schema-graph\">{\"@context\":\"https:\/\/schema.org\",\"@graph\":[{\"@type\":\"Organization\",\"@id\":\"https:\/\/www.ecoline3.nl\/#organization\",\"name\":\"van Lith Licht & Lucht BV\",\"url\":\"https:\/\/www.ecoline3.nl\/\",\"sameAs\":[],\"logo\":{\"@type\":\"ImageObject\",\"@id\":\"https:\/\/www.ecoline3.nl\/#logo\",\"inLanguage\":\"de-DE\",\"url\":\"https:\/\/www.ecoline3.nl\/wp-content\/uploads\/2016\/06\/logo-Ecoline.jpg\",\"contentUrl\":\"https:\/\/www.ecoline3.nl\/wp-content\/uploads\/2016\/06\/logo-Ecoline.jpg\",\"width\":295,\"height\":149,\"caption\":\"van Lith Licht & Lucht BV\"},\"image\":{\"@id\":\"https:\/\/www.ecoline3.nl\/#logo\"}},{\"@type\":\"WebSite\",\"@id\":\"https:\/\/www.ecoline3.nl\/#website\",\"url\":\"https:\/\/www.ecoline3.nl\/\",\"name\":\"Eco-line3\",\"description\":\"Energiezuinige LED verlichting voor industrie en agrarische sector\",\"publisher\":{\"@id\":\"https:\/\/www.ecoline3.nl\/#organization\"},\"potentialAction\":[{\"@type\":\"SearchAction\",\"target\":{\"@type\":\"EntryPoint\",\"urlTemplate\":\"https:\/\/www.ecoline3.nl\/?s={search_term_string}\"},\"query-input\":\"required name=search_term_string\"}],\"inLanguage\":\"de-DE\"},{\"@type\":\"ImageObject\",\"@id\":\"https:\/\/www.ecoline3.nl\/de\/agro\/pluimvee\/#primaryimage\",\"inLanguage\":\"de-DE\",\"url\":\"https:\/\/www.ecoline3.nl\/wp-content\/uploads\/2015\/11\/voliere2.jpg\",\"contentUrl\":\"https:\/\/www.ecoline3.nl\/wp-content\/uploads\/2015\/11\/voliere2.jpg\",\"width\":600,\"height\":315,\"caption\":\"Eco-line3 LED en inductie verlichting\"},{\"@type\":\"WebPage\",\"@id\":\"https:\/\/www.ecoline3.nl\/de\/agro\/pluimvee\/#webpage\",\"url\":\"https:\/\/www.ecoline3.nl\/de\/agro\/pluimvee\/\",\"name\":\"Gefl\u00fcgel Legehennen &ndash; Eco-line3\",\"isPartOf\":{\"@id\":\"https:\/\/www.ecoline3.nl\/#website\"},\"primaryImageOfPage\":{\"@id\":\"https:\/\/www.ecoline3.nl\/de\/agro\/pluimvee\/#primaryimage\"},\"datePublished\":\"2015-11-21T09:58:25+00:00\",\"dateModified\":\"2016-04-07T14:36:28+00:00\",\"breadcrumb\":{\"@id\":\"https:\/\/www.ecoline3.nl\/de\/agro\/pluimvee\/#breadcrumb\"},\"inLanguage\":\"de-DE\",\"potentialAction\":[{\"@type\":\"ReadAction\",\"target\":[\"https:\/\/www.ecoline3.nl\/de\/agro\/pluimvee\/\"]}]},{\"@type\":\"BreadcrumbList\",\"@id\":\"https:\/\/www.ecoline3.nl\/de\/agro\/pluimvee\/#breadcrumb\",\"itemListElement\":[{\"@type\":\"ListItem\",\"position\":1,\"name\":\"Home\",\"item\":\"https:\/\/www.ecoline3.nl\/de\/\"},{\"@type\":\"ListItem\",\"position\":2,\"name\":\"Agrar Beleuchtung\",\"item\":\"https:\/\/www.ecoline3.nl\/de\/agro\/\"},{\"@type\":\"ListItem\",\"position\":3,\"name\":\"Gefl\u00fcgel Legehennen\"}]}]}<\/script>\n<!-- \/ Yoast SEO plugin. -->","yoast_head_json":{"title":"Gefl\u00fcgel Legehennen &ndash; Eco-line3","robots":{"index":"index","follow":"follow","max-snippet":"max-snippet:-1","max-image-preview":"max-image-preview:large","max-video-preview":"max-video-preview:-1"},"canonical":"https:\/\/www.ecoline3.nl\/de\/agro\/pluimvee\/","og_locale":"de_DE","og_type":"article","og_title":"Gefl\u00fcgel Legehennen &ndash; Eco-line3","og_description":"Tierschutz, Tiergesundheit und Tierproduktion Eco-Line hat zwar spezielle Leuchten f\u00fcr den Gefl\u00fcgelsektor. Eco-Line LED-Rohre kommen mit einem IP67-Geh\u00e4use , um sicherzustellen dass die Armaturen 100% wasserdicht sind.\u00a0Die Energieeinsparungen, die mit Eco-line beleuchtung realisiert werden kann ist zu mindestens 50% und in den meisten F\u00e4llen mehr als 65% . Haben Sie Probleme mit Kannibalismus? Eco-Line liefert [&hellip;]","og_url":"https:\/\/www.ecoline3.nl\/de\/agro\/pluimvee\/","og_site_name":"Eco-line3","article_modified_time":"2016-04-07T14:36:28+00:00","og_image":[{"width":600,"height":315,"url":"https:\/\/www.ecoline3.nl\/wp-content\/uploads\/2015\/11\/voliere2.jpg","type":"image\/jpeg"}],"twitter_card":"summary","twitter_misc":{"Est. reading time":"1 minute"},"schema":{"@context":"https:\/\/schema.org","@graph":[{"@type":"Organization","@id":"https:\/\/www.ecoline3.nl\/#organization","name":"van Lith Licht & Lucht BV","url":"https:\/\/www.ecoline3.nl\/","sameAs":[],"logo":{"@type":"ImageObject","@id":"https:\/\/www.ecoline3.nl\/#logo","inLanguage":"de-DE","url":"https:\/\/www.ecoline3.nl\/wp-content\/uploads\/2016\/06\/logo-Ecoline.jpg","contentUrl":"https:\/\/www.ecoline3.nl\/wp-content\/uploads\/2016\/06\/logo-Ecoline.jpg","width":295,"height":149,"caption":"van Lith Licht & Lucht BV"},"image":{"@id":"https:\/\/www.ecoline3.nl\/#logo"}},{"@type":"WebSite","@id":"https:\/\/www.ecoline3.nl\/#website","url":"https:\/\/www.ecoline3.nl\/","name":"Eco-line3","description":"Energiezuinige LED verlichting voor industrie en agrarische sector","publisher":{"@id":"https:\/\/www.ecoline3.nl\/#organization"},"potentialAction":[{"@type":"SearchAction","target":{"@type":"EntryPoint","urlTemplate":"https:\/\/www.ecoline3.nl\/?s={search_term_string}"},"query-input":"required name=search_term_string"}],"inLanguage":"de-DE"},{"@type":"ImageObject","@id":"https:\/\/www.ecoline3.nl\/de\/agro\/pluimvee\/#primaryimage","inLanguage":"de-DE","url":"https:\/\/www.ecoline3.nl\/wp-content\/uploads\/2015\/11\/voliere2.jpg","contentUrl":"https:\/\/www.ecoline3.nl\/wp-content\/uploads\/2015\/11\/voliere2.jpg","width":600,"height":315,"caption":"Eco-line3 LED en inductie verlichting"},{"@type":"WebPage","@id":"https:\/\/www.ecoline3.nl\/de\/agro\/pluimvee\/#webpage","url":"https:\/\/www.ecoline3.nl\/de\/agro\/pluimvee\/","name":"Gefl\u00fcgel Legehennen &ndash; Eco-line3","isPartOf":{"@id":"https:\/\/www.ecoline3.nl\/#website"},"primaryImageOfPage":{"@id":"https:\/\/www.ecoline3.nl\/de\/agro\/pluimvee\/#primaryimage"},"datePublished":"2015-11-21T09:58:25+00:00","dateModified":"2016-04-07T14:36:28+00:00","breadcrumb":{"@id":"https:\/\/www.ecoline3.nl\/de\/agro\/pluimvee\/#breadcrumb"},"inLanguage":"de-DE","potentialAction":[{"@type":"ReadAction","target":["https:\/\/www.ecoline3.nl\/de\/agro\/pluimvee\/"]}]},{"@type":"BreadcrumbList","@id":"https:\/\/www.ecoline3.nl\/de\/agro\/pluimvee\/#breadcrumb","itemListElement":[{"@type":"ListItem","position":1,"name":"Home","item":"https:\/\/www.ecoline3.nl\/de\/"},{"@type":"ListItem","position":2,"name":"Agrar Beleuchtung","item":"https:\/\/www.ecoline3.nl\/de\/agro\/"},{"@type":"ListItem","position":3,"name":"Gefl\u00fcgel Legehennen"}]}]}},"_links":{"self":[{"href":"https:\/\/www.ecoline3.nl\/de\/wp-json\/wp\/v2\/pages\/702"}],"collection":[{"href":"https:\/\/www.ecoline3.nl\/de\/wp-json\/wp\/v2\/pages"}],"about":[{"href":"https:\/\/www.ecoline3.nl\/de\/wp-json\/wp\/v2\/types\/page"}],"author":[{"embeddable":true,"href":"https:\/\/www.ecoline3.nl\/de\/wp-json\/wp\/v2\/users\/1"}],"replies":[{"embeddable":true,"href":"https:\/\/www.ecoline3.nl\/de\/wp-json\/wp\/v2\/comments?post=702"}],"version-history":[{"count":6,"href":"https:\/\/www.ecoline3.nl\/de\/wp-json\/wp\/v2\/pages\/702\/revisions"}],"predecessor-version":[{"id":909,"href":"https:\/\/www.ecoline3.nl\/de\/wp-json\/wp\/v2\/pages\/702\/revisions\/909"}],"up":[{"embeddable":true,"href":"https:\/\/www.ecoline3.nl\/de\/wp-json\/wp\/v2\/pages\/693"}],"wp:featuredmedia":[{"embeddable":true,"href":"https:\/\/www.ecoline3.nl\/de\/wp-json\/wp\/v2\/media\/457"}],"wp:attachment":[{"href":"https:\/\/www.ecoline3.nl\/de\/wp-json\/wp\/v2\/media?parent=702"}],"curies":[{"name":"wp","href":"https:\/\/api.w.org\/{rel}","templated":true}]}}