{"id":697,"date":"2015-11-21T11:18:55","date_gmt":"2015-11-21T10:18:55","guid":{"rendered":"http:\/\/www.ecoline3.nl\/de\/agro\/geiten\/"},"modified":"2016-03-21T19:57:50","modified_gmt":"2016-03-21T18:57:50","slug":"geiten","status":"publish","type":"page","link":"https:\/\/www.ecoline3.nl\/de\/agro\/geiten\/","title":{"rendered":"Ziegen"},"content":{"rendered":"<h1 class=\"font_7\">Tierschutz, Tiergesundheit und Tierproduktion<\/h1>\n<p class=\"font_8\">F\u00fcr Ziegen, ist es notwendig, eine durchschnittliche Lichtst\u00e4rke von 200Lux erzielen. Durch die Platzierung einer Reihe Eco-Line High-Bay Leuchten \u00fcber jeder gatter mit Ziegen, haben Sie ein ausgezeichnetes Niveau von Licht an Tierebene gew\u00e4hrleistet. Eco-line Beleuchtung hat zwar Induktion und LED-Beleuchtung f\u00fcr die Ziegenhaltung.<\/p>\n<p class=\"font_8\">Je nach Dimensionierung ihre Stall, kan mann Entscheiden welche Lichtquelle und Leistung notwendig ist, um die gew\u00fcnschte Helligkeit zu erreichen<\/p>\n<p class=\"font_8\">Die Energieeinsparung das mann mit eco-line Beleuchtung realisieren kann, ist mindestens 50% und in den meisten F\u00e4llen mehr als 65%.<\/p>\n","protected":false},"excerpt":{"rendered":"<p>Tierschutz, Tiergesundheit und Tierproduktion F\u00fcr Ziegen, ist es notwendig, eine durchschnittliche Lichtst\u00e4rke von 200Lux erzielen. Durch die Platzierung einer Reihe Eco-Line High-Bay Leuchten \u00fcber jeder gatter mit Ziegen, haben Sie ein ausgezeichnetes Niveau von Licht an Tierebene gew\u00e4hrleistet. Eco-line Beleuchtung hat zwar Induktion und LED-Beleuchtung f\u00fcr die Ziegenhaltung. Je nach Dimensionierung ihre Stall, kan mann [&hellip;]<\/p>\n","protected":false},"author":1,"featured_media":112,"parent":693,"menu_order":0,"comment_status":"closed","ping_status":"closed","template":"page-templates\/gallerybottomcols.php","meta":[],"yoast_head":"<!-- This site is optimized with the Yoast SEO plugin v18.4.1 - https:\/\/yoast.com\/wordpress\/plugins\/seo\/ -->\n<title>Ziegen &ndash; Eco-line3<\/title>\n<meta name=\"robots\" content=\"index, follow, max-snippet:-1, max-image-preview:large, max-video-preview:-1\" \/>\n<link rel=\"canonical\" href=\"https:\/\/www.ecoline3.nl\/de\/agro\/geiten\/\" \/>\n<meta property=\"og:locale\" content=\"de_DE\" \/>\n<meta property=\"og:type\" content=\"article\" \/>\n<meta property=\"og:title\" content=\"Ziegen &ndash; Eco-line3\" \/>\n<meta property=\"og:description\" content=\"Tierschutz, Tiergesundheit und Tierproduktion F\u00fcr Ziegen, ist es notwendig, eine durchschnittliche Lichtst\u00e4rke von 200Lux erzielen. Durch die Platzierung einer Reihe Eco-Line High-Bay Leuchten \u00fcber jeder gatter mit Ziegen, haben Sie ein ausgezeichnetes Niveau von Licht an Tierebene gew\u00e4hrleistet. Eco-line Beleuchtung hat zwar Induktion und LED-Beleuchtung f\u00fcr die Ziegenhaltung. Je nach Dimensionierung ihre Stall, kan mann [&hellip;]\" \/>\n<meta property=\"og:url\" content=\"https:\/\/www.ecoline3.nl\/de\/agro\/geiten\/\" \/>\n<meta property=\"og:site_name\" content=\"Eco-line3\" \/>\n<meta property=\"article:modified_time\" content=\"2016-03-21T18:57:50+00:00\" \/>\n<meta property=\"og:image\" content=\"https:\/\/www.ecoline3.nl\/wp-content\/uploads\/2015\/11\/geiten-3-header.jpg\" \/>\n\t<meta property=\"og:image:width\" content=\"1600\" \/>\n\t<meta property=\"og:image:height\" content=\"315\" \/>\n\t<meta property=\"og:image:type\" content=\"image\/jpeg\" \/>\n<meta name=\"twitter:card\" content=\"summary\" \/>\n<script type=\"application\/ld+json\" class=\"yoast-schema-graph\">{\"@context\":\"https:\/\/schema.org\",\"@graph\":[{\"@type\":\"Organization\",\"@id\":\"https:\/\/www.ecoline3.nl\/#organization\",\"name\":\"van Lith Licht & Lucht BV\",\"url\":\"https:\/\/www.ecoline3.nl\/\",\"sameAs\":[],\"logo\":{\"@type\":\"ImageObject\",\"@id\":\"https:\/\/www.ecoline3.nl\/#logo\",\"inLanguage\":\"de-DE\",\"url\":\"https:\/\/www.ecoline3.nl\/wp-content\/uploads\/2016\/06\/logo-Ecoline.jpg\",\"contentUrl\":\"https:\/\/www.ecoline3.nl\/wp-content\/uploads\/2016\/06\/logo-Ecoline.jpg\",\"width\":295,\"height\":149,\"caption\":\"van Lith Licht & Lucht BV\"},\"image\":{\"@id\":\"https:\/\/www.ecoline3.nl\/#logo\"}},{\"@type\":\"WebSite\",\"@id\":\"https:\/\/www.ecoline3.nl\/#website\",\"url\":\"https:\/\/www.ecoline3.nl\/\",\"name\":\"Eco-line3\",\"description\":\"Energiezuinige LED verlichting voor industrie en agrarische sector\",\"publisher\":{\"@id\":\"https:\/\/www.ecoline3.nl\/#organization\"},\"potentialAction\":[{\"@type\":\"SearchAction\",\"target\":{\"@type\":\"EntryPoint\",\"urlTemplate\":\"https:\/\/www.ecoline3.nl\/?s={search_term_string}\"},\"query-input\":\"required name=search_term_string\"}],\"inLanguage\":\"de-DE\"},{\"@type\":\"ImageObject\",\"@id\":\"https:\/\/www.ecoline3.nl\/de\/agro\/geiten\/#primaryimage\",\"inLanguage\":\"de-DE\",\"url\":\"https:\/\/www.ecoline3.nl\/wp-content\/uploads\/2015\/11\/geiten-3-header.jpg\",\"contentUrl\":\"https:\/\/www.ecoline3.nl\/wp-content\/uploads\/2015\/11\/geiten-3-header.jpg\",\"width\":1600,\"height\":315,\"caption\":\"Eco-line3 LED en inductie stalverlichting voor geitenhouderij\"},{\"@type\":\"WebPage\",\"@id\":\"https:\/\/www.ecoline3.nl\/de\/agro\/geiten\/#webpage\",\"url\":\"https:\/\/www.ecoline3.nl\/de\/agro\/geiten\/\",\"name\":\"Ziegen &ndash; Eco-line3\",\"isPartOf\":{\"@id\":\"https:\/\/www.ecoline3.nl\/#website\"},\"primaryImageOfPage\":{\"@id\":\"https:\/\/www.ecoline3.nl\/de\/agro\/geiten\/#primaryimage\"},\"datePublished\":\"2015-11-21T10:18:55+00:00\",\"dateModified\":\"2016-03-21T18:57:50+00:00\",\"breadcrumb\":{\"@id\":\"https:\/\/www.ecoline3.nl\/de\/agro\/geiten\/#breadcrumb\"},\"inLanguage\":\"de-DE\",\"potentialAction\":[{\"@type\":\"ReadAction\",\"target\":[\"https:\/\/www.ecoline3.nl\/de\/agro\/geiten\/\"]}]},{\"@type\":\"BreadcrumbList\",\"@id\":\"https:\/\/www.ecoline3.nl\/de\/agro\/geiten\/#breadcrumb\",\"itemListElement\":[{\"@type\":\"ListItem\",\"position\":1,\"name\":\"Home\",\"item\":\"https:\/\/www.ecoline3.nl\/de\/\"},{\"@type\":\"ListItem\",\"position\":2,\"name\":\"Agrar Beleuchtung\",\"item\":\"https:\/\/www.ecoline3.nl\/de\/agro\/\"},{\"@type\":\"ListItem\",\"position\":3,\"name\":\"Ziegen\"}]}]}<\/script>\n<!-- \/ Yoast SEO plugin. -->","yoast_head_json":{"title":"Ziegen &ndash; Eco-line3","robots":{"index":"index","follow":"follow","max-snippet":"max-snippet:-1","max-image-preview":"max-image-preview:large","max-video-preview":"max-video-preview:-1"},"canonical":"https:\/\/www.ecoline3.nl\/de\/agro\/geiten\/","og_locale":"de_DE","og_type":"article","og_title":"Ziegen &ndash; Eco-line3","og_description":"Tierschutz, Tiergesundheit und Tierproduktion F\u00fcr Ziegen, ist es notwendig, eine durchschnittliche Lichtst\u00e4rke von 200Lux erzielen. Durch die Platzierung einer Reihe Eco-Line High-Bay Leuchten \u00fcber jeder gatter mit Ziegen, haben Sie ein ausgezeichnetes Niveau von Licht an Tierebene gew\u00e4hrleistet. Eco-line Beleuchtung hat zwar Induktion und LED-Beleuchtung f\u00fcr die Ziegenhaltung. Je nach Dimensionierung ihre Stall, kan mann [&hellip;]","og_url":"https:\/\/www.ecoline3.nl\/de\/agro\/geiten\/","og_site_name":"Eco-line3","article_modified_time":"2016-03-21T18:57:50+00:00","og_image":[{"width":1600,"height":315,"url":"https:\/\/www.ecoline3.nl\/wp-content\/uploads\/2015\/11\/geiten-3-header.jpg","type":"image\/jpeg"}],"twitter_card":"summary","schema":{"@context":"https:\/\/schema.org","@graph":[{"@type":"Organization","@id":"https:\/\/www.ecoline3.nl\/#organization","name":"van Lith Licht & Lucht BV","url":"https:\/\/www.ecoline3.nl\/","sameAs":[],"logo":{"@type":"ImageObject","@id":"https:\/\/www.ecoline3.nl\/#logo","inLanguage":"de-DE","url":"https:\/\/www.ecoline3.nl\/wp-content\/uploads\/2016\/06\/logo-Ecoline.jpg","contentUrl":"https:\/\/www.ecoline3.nl\/wp-content\/uploads\/2016\/06\/logo-Ecoline.jpg","width":295,"height":149,"caption":"van Lith Licht & Lucht BV"},"image":{"@id":"https:\/\/www.ecoline3.nl\/#logo"}},{"@type":"WebSite","@id":"https:\/\/www.ecoline3.nl\/#website","url":"https:\/\/www.ecoline3.nl\/","name":"Eco-line3","description":"Energiezuinige LED verlichting voor industrie en agrarische sector","publisher":{"@id":"https:\/\/www.ecoline3.nl\/#organization"},"potentialAction":[{"@type":"SearchAction","target":{"@type":"EntryPoint","urlTemplate":"https:\/\/www.ecoline3.nl\/?s={search_term_string}"},"query-input":"required name=search_term_string"}],"inLanguage":"de-DE"},{"@type":"ImageObject","@id":"https:\/\/www.ecoline3.nl\/de\/agro\/geiten\/#primaryimage","inLanguage":"de-DE","url":"https:\/\/www.ecoline3.nl\/wp-content\/uploads\/2015\/11\/geiten-3-header.jpg","contentUrl":"https:\/\/www.ecoline3.nl\/wp-content\/uploads\/2015\/11\/geiten-3-header.jpg","width":1600,"height":315,"caption":"Eco-line3 LED en inductie stalverlichting voor geitenhouderij"},{"@type":"WebPage","@id":"https:\/\/www.ecoline3.nl\/de\/agro\/geiten\/#webpage","url":"https:\/\/www.ecoline3.nl\/de\/agro\/geiten\/","name":"Ziegen &ndash; Eco-line3","isPartOf":{"@id":"https:\/\/www.ecoline3.nl\/#website"},"primaryImageOfPage":{"@id":"https:\/\/www.ecoline3.nl\/de\/agro\/geiten\/#primaryimage"},"datePublished":"2015-11-21T10:18:55+00:00","dateModified":"2016-03-21T18:57:50+00:00","breadcrumb":{"@id":"https:\/\/www.ecoline3.nl\/de\/agro\/geiten\/#breadcrumb"},"inLanguage":"de-DE","potentialAction":[{"@type":"ReadAction","target":["https:\/\/www.ecoline3.nl\/de\/agro\/geiten\/"]}]},{"@type":"BreadcrumbList","@id":"https:\/\/www.ecoline3.nl\/de\/agro\/geiten\/#breadcrumb","itemListElement":[{"@type":"ListItem","position":1,"name":"Home","item":"https:\/\/www.ecoline3.nl\/de\/"},{"@type":"ListItem","position":2,"name":"Agrar Beleuchtung","item":"https:\/\/www.ecoline3.nl\/de\/agro\/"},{"@type":"ListItem","position":3,"name":"Ziegen"}]}]}},"_links":{"self":[{"href":"https:\/\/www.ecoline3.nl\/de\/wp-json\/wp\/v2\/pages\/697"}],"collection":[{"href":"https:\/\/www.ecoline3.nl\/de\/wp-json\/wp\/v2\/pages"}],"about":[{"href":"https:\/\/www.ecoline3.nl\/de\/wp-json\/wp\/v2\/types\/page"}],"author":[{"embeddable":true,"href":"https:\/\/www.ecoline3.nl\/de\/wp-json\/wp\/v2\/users\/1"}],"replies":[{"embeddable":true,"href":"https:\/\/www.ecoline3.nl\/de\/wp-json\/wp\/v2\/comments?post=697"}],"version-history":[{"count":2,"href":"https:\/\/www.ecoline3.nl\/de\/wp-json\/wp\/v2\/pages\/697\/revisions"}],"predecessor-version":[{"id":700,"href":"https:\/\/www.ecoline3.nl\/de\/wp-json\/wp\/v2\/pages\/697\/revisions\/700"}],"up":[{"embeddable":true,"href":"https:\/\/www.ecoline3.nl\/de\/wp-json\/wp\/v2\/pages\/693"}],"wp:featuredmedia":[{"embeddable":true,"href":"https:\/\/www.ecoline3.nl\/de\/wp-json\/wp\/v2\/media\/112"}],"wp:attachment":[{"href":"https:\/\/www.ecoline3.nl\/de\/wp-json\/wp\/v2\/media?parent=697"}],"curies":[{"name":"wp","href":"https:\/\/api.w.org\/{rel}","templated":true}]}}